{"id":9816,"date":"2018-11-13T12:47:12","date_gmt":"2018-11-13T11:47:12","guid":{"rendered":"https:\/\/www.nikelshop.it\/prodotto\/etagere-trieste\/"},"modified":"2022-09-23T22:27:19","modified_gmt":"2022-09-23T20:27:19","slug":"etagere-trieste","status":"publish","type":"product","link":"https:\/\/www.nikelshop.it\/fr\/prodotto\/etagere-trieste\/","title":{"rendered":"\u00c9tag\u00e8re TRIESTE"},"content":{"rendered":"<p>TRIESTE est un syst\u00e8me de biblioth\u00e8que invent\u00e9 et dessin\u00e9 par Enzo Mari.<\/p>\n<p>Trieste est compos\u00e9 de montants en 3 hauteurs diff\u00e9rentes et \u00e9tag\u00e8res de diff\u00e9rentes largeurs et profondeurs.<\/p>\n<p>Vous pouvez choisir les \u00e9l\u00e9ments dont vous avez besoin pour composer votre biblioth\u00e8que pour vos propres besoins.<\/p>\n<p>Choisissez les montants, les \u00e9tag\u00e8res et la couleur, puis ajoutez au panier.<\/p>\n<p>Les couleurs sont gris perle et blanc.<\/p>\n<p>La biblioth\u00e8que peut consister en une ou plusieurs port\u00e9es. Par exemple, si nous voulons une biblioth\u00e8que de deux port\u00e9es (deux colonnes) nous avons besoin de 3 montants, soit deux montants lat\u00e9raux et un pilier central.<\/p>\n<p>Si vous avez des doutes sur la composition de la biblioth\u00e8que, vous pouvez nous\u00a0<a href=\"https:\/\/www.nikelshop.it\/fr\/contacts\/\" target=\"_blank\" rel=\"noopener noreferrer\">contacter ici<\/a><\/p>\n<p>La biblioth\u00e8que sera livr\u00e9e en environ 12 jours ouvrables.<\/p>\n","protected":false},"excerpt":{"rendered":"<p>BIBLIOTH\u00c8QUES et syst\u00e8mes au mur: \u00c9tag\u00e8re \u00a0TRIESTE<\/p>\n<p>Design\/Conception: Enzo Mari<\/p>\n","protected":false},"featured_media":9817,"template":"","meta":[],"product_cat":[360,325],"product_tag":[625,626,627],"class_list":["post-9816","product","type-product","status-publish","has-post-thumbnail","hentry","product_cat-accessoires-dameublement","product_cat-bibliotheques-systemes-mureaux","product_tag-componibile-fr","product_tag-libreria-fr","product_tag-mari-fr","yith_product_brand-rexite-fr","tm-has-options"],"_links":{"self":[{"href":"https:\/\/www.nikelshop.it\/fr\/wp-json\/wp\/v2\/product\/9816"}],"collection":[{"href":"https:\/\/www.nikelshop.it\/fr\/wp-json\/wp\/v2\/product"}],"about":[{"href":"https:\/\/www.nikelshop.it\/fr\/wp-json\/wp\/v2\/types\/product"}],"wp:featuredmedia":[{"embeddable":true,"href":"https:\/\/www.nikelshop.it\/fr\/wp-json\/wp\/v2\/media\/9817"}],"wp:attachment":[{"href":"https:\/\/www.nikelshop.it\/fr\/wp-json\/wp\/v2\/media?parent=9816"}],"wp:term":[{"taxonomy":"product_cat","embeddable":true,"href":"https:\/\/www.nikelshop.it\/fr\/wp-json\/wp\/v2\/product_cat?post=9816"},{"taxonomy":"product_tag","embeddable":true,"href":"https:\/\/www.nikelshop.it\/fr\/wp-json\/wp\/v2\/product_tag?post=9816"}],"curies":[{"name":"wp","href":"https:\/\/api.w.org\/{rel}","templated":true}]}}