{"id":9809,"date":"2018-11-13T12:47:12","date_gmt":"2018-11-13T11:47:12","guid":{"rendered":"https:\/\/www.nikelshop.it\/prodotto\/etagere-k2-kriptonite-3\/"},"modified":"2023-02-19T16:14:15","modified_gmt":"2023-02-19T15:14:15","slug":"etagere-k2-kriptonite-3","status":"publish","type":"product","link":"https:\/\/www.nikelshop.it\/fr\/prodotto\/etagere-k2-kriptonite-3\/","title":{"rendered":"\u00c9tag\u00e8re K2 Kriptonite \u00e0 3 trav\u00e9es"},"content":{"rendered":"<p>K2 by Kriptonite est une biblioth\u00e8que, ou plut\u00f4t un syst\u00e8me de pression entre le sol et le plafond compos\u00e9 de montants et d&#8217;\u00e9tag\u00e8res.<\/p>\n<p>Il est double face, donc \u00e0 assembler pour s\u00e9parer un environnement. Ou il peut \u00eatre mont\u00e9 \u00e0 c\u00f4t\u00e9 d&#8217;un mur. Il est donc possible de formuler plusieurs solutions pour le salon et le coin nuit.<\/p>\n<p>Disponible en aluminium anodis\u00e9 ou en blanc brillant, blanc mat, noir mat ou vert<\/p>\n<p>La structure est fix\u00e9e par pression entre le sol et le plafond [aucun trou dans le sol n&#8217;est n\u00e9cessaire].<\/p>\n<p>La biblioth\u00e8que K2 [voir photo principale] se compose comme suit:<\/p>\n<table style=\"height: 203px\" width=\"477\">\n<tbody>\n<tr>\n<td><strong>Quantit\u00e9<\/strong><\/td>\n<td><strong>Syst\u00e8me<\/strong><\/td>\n<td><strong><b>\u00c9<\/b>l\u00e9ments<\/strong><\/td>\n<td><strong>Dimensions cm.<\/strong><\/td>\n<\/tr>\n<tr>\n<td style=\"text-align: center\">2<\/td>\n<td style=\"text-align: center\">K2<\/td>\n<td>Montants lat\u00e9raux<\/td>\n<td>(comunique hauteur plafond)<\/td>\n<\/tr>\n<tr>\n<td style=\"text-align: center\">2<\/td>\n<td style=\"text-align: center\">K2<\/td>\n<td>Montants centr.<\/td>\n<td>(comunique hauteur platfond)<\/td>\n<\/tr>\n<tr>\n<td style=\"text-align: center\">10<\/td>\n<td style=\"text-align: center\">K2<\/td>\n<td>\u00c9tag\u00e8res<\/td>\n<td>L 60 x P 29<\/td>\n<\/tr>\n<tr>\n<td style=\"text-align: center\">5<\/td>\n<td style=\"text-align: center\">K2<\/td>\n<td>\u00c9tag\u00e8res<\/td>\n<td>L 90 x P 29<\/td>\n<\/tr>\n<\/tbody>\n<\/table>\n<p>Largeur totale de 222 cm (compris la largeur des montants);<\/p>\n<p>Hauteur ou hauteur totale de votre plafond, max 405 cm (\u00e0 pr\u00e9ciser dans les notes du chariot).<\/p>\n<p>Pour les sp\u00e9cifications techniques et les informations d\u2019installation, cliquez sur les pi\u00e8ces jointes suivantes:<\/p>\n<ul>\n<li><strong><a href=\"http:\/\/www.nikelshop.it\/wp-content\/uploads\/2019\/02\/Kriptonite-SchedaTecnica-K2.pdf\">Kriptonite &#8211; Fiche Technique K2(IT\/EN)<\/a><\/strong><\/li>\n<li><strong><a href=\"http:\/\/www.nikelshop.it\/wp-content\/uploads\/2019\/02\/Kriptonite-Istruzioni-di-montaggio-K2.pdf\">Kriptonite &#8211; Instructions de montage K2(IT\/EN)<\/a><\/strong><\/li>\n<\/ul>\n<p>Pour information, technique ou commerciale, t\u00e9l\u00e9phonez le num\u00e9ro\u00a00039 0532-767200<\/p>\n","protected":false},"excerpt":{"rendered":"<p><span style=\"color: #000000\">Dimensions: largeur totale 222 cm; Hauteur [\u00e0 la taille du plafond]<\/span><\/p>\n<p><span style=\"color: #000000\">Pour concevoir et acheter une biblioth\u00e8que K2 personnalis\u00e9e<\/span>\u00a0<a href=\"https:\/\/www.nikelshop.it\/fr\/prodotto\/k2-kriptonite-etagere-a-pression-entre-sol-et-plafond\/\">cliquez ici<\/a><\/p>\n","protected":false},"featured_media":9810,"template":"","meta":[],"product_cat":[325],"product_tag":[],"class_list":["post-9809","product","type-product","status-publish","has-post-thumbnail","hentry","product_cat-bibliotheques-systemes-mureaux","pa_colore-aluminium","pa_colore-blanc-opaque","yith_product_brand-kriptonite-fr","tm-has-options"],"_links":{"self":[{"href":"https:\/\/www.nikelshop.it\/fr\/wp-json\/wp\/v2\/product\/9809"}],"collection":[{"href":"https:\/\/www.nikelshop.it\/fr\/wp-json\/wp\/v2\/product"}],"about":[{"href":"https:\/\/www.nikelshop.it\/fr\/wp-json\/wp\/v2\/types\/product"}],"wp:featuredmedia":[{"embeddable":true,"href":"https:\/\/www.nikelshop.it\/fr\/wp-json\/wp\/v2\/media\/9810"}],"wp:attachment":[{"href":"https:\/\/www.nikelshop.it\/fr\/wp-json\/wp\/v2\/media?parent=9809"}],"wp:term":[{"taxonomy":"product_cat","embeddable":true,"href":"https:\/\/www.nikelshop.it\/fr\/wp-json\/wp\/v2\/product_cat?post=9809"},{"taxonomy":"product_tag","embeddable":true,"href":"https:\/\/www.nikelshop.it\/fr\/wp-json\/wp\/v2\/product_tag?post=9809"}],"curies":[{"name":"wp","href":"https:\/\/api.w.org\/{rel}","templated":true}]}}