{"id":9760,"date":"2019-03-06T00:10:52","date_gmt":"2019-03-05T23:10:52","guid":{"rendered":"https:\/\/www.nikelshop.it\/prodotto\/etagere\/"},"modified":"2023-02-04T18:45:53","modified_gmt":"2023-02-04T17:45:53","slug":"etagere-k3-kriptonite","status":"publish","type":"product","link":"https:\/\/www.nikelshop.it\/fr\/prodotto\/etagere-k3-kriptonite\/","title":{"rendered":"Biblioth\u00e8que Modulaire K3+ Kriptonite"},"content":{"rendered":"<p>K3+ est un syst\u00e8me produit par Kriptonite, la marque italienne historique qui produit des \u00e9tag\u00e8res et des accessoires d\u2019ameublement en aluminium, avec un design unique et inimitable.<\/p>\n<p>Le syst\u00e8me K3+ est fait simplement avec des\u00a0 montants en deux profondeurs (29 et 36 cm) et des \u00e9tag\u00e8res de longueur 60 cm ou 90 cm.<\/p>\n<p>Nous choisissons une profondeur. Si nous choisissons les montants de 29 cm de profondeur, nous choisiront ensuite les \u00e9tag\u00e8res de 29 cm de profondeur.<\/p>\n<p>Si au contraire nous choisissons les montants 36 cm de profondeur, alors nous choisiront aussi les \u00e9tag\u00e8res profondes 36 cm.<\/p>\n<p>Les solutions articul\u00e9es peuvent \u00eatre compos\u00e9es, m\u00eame avec des trav\u00e9es diff\u00e9rentes.<\/p>\n<p>Les couleurs disponibles sont: l\u2019aluminium naturel, le blanc opaque, le noir opaque.<\/p>\n<p>Vous pouvez choisir une couleur non-pricelist, il suffit d\u2019indiquer dans l\u2019espace le code RAL de la couleur qui vous int\u00e9resse.<\/p>\n<p>En ce qui concerne le montage, il s\u2019agit simplement d\u2019unir les \u00e9tag\u00e8res aux montants. Vous pouvez tout faire \u00e0 la main, sans utiliser d\u2019autres outils.<\/p>\n<p>Comme vous pouvez le voir, il est tr\u00e8s simple et vous pouvez \u00e9galement composer des biblioth\u00e8ques sp\u00e9ciales et personnalis\u00e9es.<\/p>\n<p>Pour tout doute n\u2019h\u00e9sitez pas \u00e0 nous contacter, nous vous fournirons toutes les clarifications;<\/p>\n<p>Pour un devis personnalis\u00e9 envoyez-nous une demande remplissant le formulaire<a href=\"https:\/\/www.nikelshop.it\/fr\/contacts\/\">(cliquez ici)<\/a><\/p>\n<p>K3+ est normalement livr\u00e9 en environ 3 \/ 4 semaines.<\/p>\n<p><em><strong>NOUS LIVRONS DANS TOUTE L&#8217;EUROPE<\/strong><\/em><\/p>\n<p><em>Pour la <strong>Suisse<\/strong> et le <strong>Royaume-Uni<\/strong>, vous obtiendrez des prix sans TVA italienne une fois que vous aurez entr\u00e9 l&#8217;adresse de livraison de la Suisse ou du Royaume-Uni. Vous ne paierez que la TVA de votre pays au moment de la livraison.<\/em><\/p>\n","protected":false},"excerpt":{"rendered":"<p><span style=\"color: #000000\">BIBLIOTH\u00c8QUE \u00a0MODULAIRE\u00a0AUTOPORTANT K3 + [KRIPTONITE]<\/span><\/p>\n<p><span style=\"color: #000000\"><strong>Deux versions<\/strong>:<\/span><\/p>\n<p><span style=\"color: #000000\">A) profondeur 29 cm<\/span><\/p>\n<p><span style=\"color: #000000\">B) profondeur 36 cm<\/span><\/p>\n<p><span style=\"color: #000000\"><strong>Personnalisez et achetez la biblioth\u00e8que K3 + vous-m\u00eame<\/strong><\/span><\/p>\n<p><span style=\"color: #000000\">Plus d\u2019informations dans la <strong>description<\/strong><\/span><\/p>\n","protected":false},"featured_media":7784,"template":"","meta":[],"product_cat":[325],"product_tag":[],"class_list":["post-9760","product","type-product","status-publish","has-post-thumbnail","hentry","product_cat-bibliotheques-systemes-mureaux","yith_product_brand-kriptonite-fr","tm-has-options"],"_links":{"self":[{"href":"https:\/\/www.nikelshop.it\/fr\/wp-json\/wp\/v2\/product\/9760"}],"collection":[{"href":"https:\/\/www.nikelshop.it\/fr\/wp-json\/wp\/v2\/product"}],"about":[{"href":"https:\/\/www.nikelshop.it\/fr\/wp-json\/wp\/v2\/types\/product"}],"wp:featuredmedia":[{"embeddable":true,"href":"https:\/\/www.nikelshop.it\/fr\/wp-json\/wp\/v2\/media\/7784"}],"wp:attachment":[{"href":"https:\/\/www.nikelshop.it\/fr\/wp-json\/wp\/v2\/media?parent=9760"}],"wp:term":[{"taxonomy":"product_cat","embeddable":true,"href":"https:\/\/www.nikelshop.it\/fr\/wp-json\/wp\/v2\/product_cat?post=9760"},{"taxonomy":"product_tag","embeddable":true,"href":"https:\/\/www.nikelshop.it\/fr\/wp-json\/wp\/v2\/product_tag?post=9760"}],"curies":[{"name":"wp","href":"https:\/\/api.w.org\/{rel}","templated":true}]}}