{"id":9752,"date":"2018-11-13T12:47:12","date_gmt":"2018-11-13T11:47:12","guid":{"rendered":"https:\/\/www.nikelshop.it\/prodotto\/bibliotheque-krossing-maxi-structure-modulaire\/"},"modified":"2025-08-01T00:57:34","modified_gmt":"2025-07-31T22:57:34","slug":"bibliotheque-krossing-maxi-structure-modulaire","status":"publish","type":"product","link":"https:\/\/www.nikelshop.it\/fr\/prodotto\/bibliotheque-krossing-maxi-structure-modulaire\/","title":{"rendered":"\u00c9tag\u00e8re Krossing MAXI &#8211;  structure modulaire"},"content":{"rendered":"<ul>\n<li><strong><a href=\"http:\/\/www.nikelshop.it\/wp-content\/uploads\/2018\/11\/KrossingMaxi-Scheda-Tecnica.pdf\" target=\"_blank\" rel=\"noopener noreferrer\">KrossingMaxi &#8211; Fiche Technique(IT\/EN)<\/a><\/strong><\/li>\n<li><strong><a href=\"http:\/\/www.nikelshop.it\/wp-content\/uploads\/2018\/11\/KrossingMaxi-Istruzioni-Montaggio.pdf\" target=\"_blank\" rel=\"noopener noreferrer\">Instructions de Montage KrossingMaxi (IT\/EN)<\/a><\/strong><\/li>\n<\/ul>\n<p>\u00c9tag\u00e8re Krossing Maxi est un syst\u00e8me produit par Kriptonite, la marque italienne historique qui produit des \u00e9tag\u00e8res et des accessoires d\u2019ameublement en aluminium, avec un design unique et inimitable.<\/p>\n<p><strong>Krossing Maxi<\/strong> est une biblioth\u00e8que de sol modulaire, simple, l\u00e9g\u00e8re, mais tr\u00e8s spacieux et durable, adapt\u00e9e pour accueillir de grands livres ou des dossiers. Une fois cette structure est mont\u00e9e, elle <strong>repose sur le sol et s\u2019attache au mur<\/strong> avec un dispositif de retenue pour assurer une stabilit\u00e9 maximale.<\/p>\n<p><img loading=\"lazy\" decoding=\"async\" class=\"wp-image-10673 alignleft\" src=\"https:\/\/www.nikelshop.it\/wp-content\/uploads\/2018\/11\/Krossing-Maxi-schizzo-484x500.png\" alt=\"Krossing-maxi-Kriptonite\" width=\"237\" height=\"245\" \/>La biblioth\u00e8que est compos\u00e9e d\u2019un module de base qui repose sur le sol. Le module de base a <strong>une hauteur de 4 cm, une profondeur de 25 cm et quatre longueurs: 50, 100, 150, 200 cm.<\/strong><\/p>\n<p>Une fois que vous avez choisi la base, vous devez choisir les <strong>tubes<\/strong> qui vont distancer la premi\u00e8re \u00e9tag\u00e8re.<\/p>\n<p>Les tubes ont 3 hauteurs: 26 cm, 33 cm et 39,5 cm. Vous choisirez des paires de tubes.<\/p>\n<p>Maintenant, mettez les \u00e9tag\u00e8res, autant que vous le souhaitez. Vous pouvez \u00e9galement composer des structures articul\u00e9es et cr\u00e9atives avec des formes originales. Il est \u00e9galement possible d&#8217;ins\u00e9rer une ou plusieurs Box en bois entre les \u00e9tag\u00e8res. Couleurs possibles\u00a0: Ch\u00eane, noyer Canaletto, blanc ou noir.<\/p>\n<p>Les couleurs disponibles sur la liste des prix sont: aluminium, blanc opaque, noir opaque. Vous pouvez demander une couleur particuli\u00e8re, vous devez seulement indiquer le code RAL de la couleur que vous voulez.<\/p>\n<p>L\u2019assemblage est tr\u00e8s simple, v\u00e9rifiez les instructions de montage.<\/p>\n<p>Si vous avez des difficult\u00e9s \u00e0 commander le maxi Krossing, vous pouvez demander un devis personnalis\u00e9 en envoyant une description ou un dessin du Krossing maxi d\u00e9sir\u00e9.<\/p>\n<p>\u00c9tag\u00e8re Krossing Maxi est normalement livr\u00e9 en 2\/3 semaines.<\/p>\n","protected":false},"excerpt":{"rendered":"<p><span style=\"color: #000000\">Kriptonite &#8211; \u00c9tag\u00e8re modulaire Krossing Maxi, profondeur des \u00e9tag\u00e8res 25 cm.<\/span><\/p>\n<p><span style=\"color: #000000\">Il repose sur le sol et est fix\u00e9 au mur avec seulement deux crochets.<\/span><\/p>\n<p><span style=\"color: #000000\">Personnalisez et achetez vous-m\u00eame l&#8217; \u00e9tag\u00e8re Krossing Maxi<\/span><\/p>\n","protected":false},"featured_media":19128,"template":"","meta":[],"product_cat":[325],"product_tag":[],"class_list":["post-9752","product","type-product","status-publish","has-post-thumbnail","hentry","product_cat-bibliotheques-systemes-mureaux","yith_product_brand-kriptonite-fr","tm-has-options"],"_links":{"self":[{"href":"https:\/\/www.nikelshop.it\/fr\/wp-json\/wp\/v2\/product\/9752"}],"collection":[{"href":"https:\/\/www.nikelshop.it\/fr\/wp-json\/wp\/v2\/product"}],"about":[{"href":"https:\/\/www.nikelshop.it\/fr\/wp-json\/wp\/v2\/types\/product"}],"wp:featuredmedia":[{"embeddable":true,"href":"https:\/\/www.nikelshop.it\/fr\/wp-json\/wp\/v2\/media\/19128"}],"wp:attachment":[{"href":"https:\/\/www.nikelshop.it\/fr\/wp-json\/wp\/v2\/media?parent=9752"}],"wp:term":[{"taxonomy":"product_cat","embeddable":true,"href":"https:\/\/www.nikelshop.it\/fr\/wp-json\/wp\/v2\/product_cat?post=9752"},{"taxonomy":"product_tag","embeddable":true,"href":"https:\/\/www.nikelshop.it\/fr\/wp-json\/wp\/v2\/product_tag?post=9752"}],"curies":[{"name":"wp","href":"https:\/\/api.w.org\/{rel}","templated":true}]}}