{"id":8590,"date":"2018-11-13T12:47:12","date_gmt":"2018-11-13T11:47:12","guid":{"rendered":"http:\/\/www.nikelshop.it\/prodotto\/lit-multifonctionnel-abitacolo-petite-maison-de-bruno-munari\/"},"modified":"2022-09-23T22:42:01","modified_gmt":"2022-09-23T20:42:01","slug":"lit-multifonctionnel-abitacolo-petite-maison-de-bruno-munari","status":"publish","type":"product","link":"https:\/\/www.nikelshop.it\/fr\/prodotto\/lit-multifonctionnel-abitacolo-petite-maison-de-bruno-munari\/","title":{"rendered":"Lit multifonctionnel ABITACOLO (Casetta) de Bruno Munari"},"content":{"rendered":"<ul>\n<li><a href=\"https:\/\/www.nikelshop.it\/wp-content\/uploads\/2018\/11\/Istreuzioni-ABITACOLO-STRUTTURA_10-EN-compresso-modificato.pdf\" target=\"_blank\" rel=\"noopener noreferrer\"><span style=\"color: #000080\"><strong>INSTRUCTIONS D&#8217;ASSEMBLAGE<\/strong><\/span><\/a><\/li>\n<\/ul>\n<p>Mythique &#8220;module habitable pour gar\u00e7ons&#8221; cr\u00e9\u00e9e par Bruno Munari en 1971 et r\u00e9compens\u00e9e par le Compasso d&#8217;Oro en 1979, elle est assembl\u00e9e avec seulement 8 vis et satisfait au minimum les besoins en logements des gar\u00e7ons.<\/p>\n<p>La structure en treillis se compose 4 montants et deux \u00e9l\u00e9ments horizontaux d&#8217;une capacit\u00e9 de 140 kg pouvant \u00eatre positionn\u00e9s \u00e0 une hauteur variable avec des intervalles de 20 cm.<\/p>\n<p>L&#8217;\u00e9l\u00e9ment inf\u00e9rieur est con\u00e7u pour supporter le matelas; la partie sup\u00e9rieure pour rassembler les jeux et les objets pr\u00e9f\u00e9r\u00e9s.<\/p>\n<p>SP\u00c9CIFICATIONS TECHNIQUES<\/p>\n<p>Structure: acier peint en \u00e9poxy gris perle<\/p>\n<p>Largeur (cm): 194<\/p>\n<p>Profondeur (cm): 83<\/p>\n<p>Hauteur (cm): 206<\/p>\n<p>Poids (Kg): 50<\/p>\n<p>Divers: matelas 190 x 80 cm non inclus<\/p>\n<p>Il est possible d&#8217;acheter la seule structure de base ou le lit complet avec la table, la tablette, le panier et les 10 crochets accessoires.<\/p>\n<p>Dans les &#8220;ANNEXES&#8221;, au-dessus de la Description, vous trouverez les instructions pour le montage et les sp\u00e9cifications n\u00e9cessaires.<\/p>\n<ul>\n<li>LIVRAISON EN EUROPE (ENVIRONS\u00a0 10 JOURS )<\/li>\n<li>GARANTIE DE 2 ANS<\/li>\n<\/ul>\n","protected":false},"excerpt":{"rendered":"<p>Rexite: Lit multifonctionnel ABITACOLO (Casetta)<\/p>\n<p>Design: Enzo Munari<\/p>\n","protected":false},"featured_media":7974,"template":"","meta":[],"product_cat":[360],"product_tag":[],"class_list":["post-8590","product","type-product","status-publish","has-post-thumbnail","hentry","product_cat-accessoires-dameublement","pa_struttura-letto-lit-complet","pa_struttura-letto-module-de-base","yith_product_brand-rexite-fr","tm-no-options"],"_links":{"self":[{"href":"https:\/\/www.nikelshop.it\/fr\/wp-json\/wp\/v2\/product\/8590"}],"collection":[{"href":"https:\/\/www.nikelshop.it\/fr\/wp-json\/wp\/v2\/product"}],"about":[{"href":"https:\/\/www.nikelshop.it\/fr\/wp-json\/wp\/v2\/types\/product"}],"wp:featuredmedia":[{"embeddable":true,"href":"https:\/\/www.nikelshop.it\/fr\/wp-json\/wp\/v2\/media\/7974"}],"wp:attachment":[{"href":"https:\/\/www.nikelshop.it\/fr\/wp-json\/wp\/v2\/media?parent=8590"}],"wp:term":[{"taxonomy":"product_cat","embeddable":true,"href":"https:\/\/www.nikelshop.it\/fr\/wp-json\/wp\/v2\/product_cat?post=8590"},{"taxonomy":"product_tag","embeddable":true,"href":"https:\/\/www.nikelshop.it\/fr\/wp-json\/wp\/v2\/product_tag?post=8590"}],"curies":[{"name":"wp","href":"https:\/\/api.w.org\/{rel}","templated":true}]}}