{"id":7953,"date":"2018-11-13T12:47:12","date_gmt":"2018-11-13T11:47:12","guid":{"rendered":"http:\/\/www.nikelshop.it\/?post_type=product&#038;p=7953"},"modified":"2023-02-05T11:24:27","modified_gmt":"2023-02-05T10:24:27","slug":"meuble-tele-kriptonite-en-aluminium-avec-roues","status":"publish","type":"product","link":"https:\/\/www.nikelshop.it\/fr\/prodotto\/meuble-tele-kriptonite-en-aluminium-avec-roues\/","title":{"rendered":"Chariot Kriptonite en aluminium avec roues"},"content":{"rendered":"<ul>\n<li><a href=\"http:\/\/www.nikelshop.it\/wp-content\/uploads\/2018\/11\/550_Carrelli-Come-montare.pdf\" target=\"_blank\" rel=\"noopener noreferrer\"><strong>Instruction de montage<\/strong><\/a><\/li>\n<li><a href=\"http:\/\/www.nikelshop.it\/wp-content\/uploads\/2018\/11\/550_Carrelli-Scheda-tecnica.pdf\" target=\"_blank\" rel=\"noopener noreferrer\"><strong>Fiche tecnique du chariot<\/strong><\/a><\/li>\n<\/ul>\n<p>Chariots en aluminium anodis\u00e9 fabriqu\u00e9s par Kriptonite Italia.<\/p>\n<p>Disponible avec 2, avec 3 ou avec 4 \u00e9tag\u00e8res.<\/p>\n<p>Les dimensions du chariot sont 43 X 45 cm, ou 63 X 45 cm.<\/p>\n<p>Hauteur du chariot: [2 \u00e9tag\u00e8res] 52 cm; [3 \u00e9tag\u00e8res] 85 cm; [4 \u00e9tag\u00e8res] 135 cm.<\/p>\n<p>Les chariots Kriptonite sont de haute qualit\u00e9 et robustes, et peuvent \u00eatre utilis\u00e9s comme support de t\u00e9l\u00e9viseur, support d&#8217;\u00e9quipement de\u00a0travail, pour l\u2019imprimante, l\u2019ordinateur, pour tout organiser et tout ranger, en profitant du design particulier qui les distingue.<\/p>\n<p>Choisissez la version qui vous int\u00e9resse, cliquez sur &#8220;Taille&#8221; \u00e0 droite de l&#8217;image principale.<\/p>\n<p>Le chariot arrive d\u00e9mont\u00e9. Il est tr\u00e8s facile \u00e0 assembler et sans n\u00e9cessiter d\u2019\u00e9quipement, seule la cl\u00e9 Allen dans l\u2019emballage est suffisante.<\/p>\n<p>Le chariot est \u00e9quip\u00e9 de roues. Deux roues ont un arr\u00eat de roue.<\/p>\n<p>La livraison prend environ 15 \u00e0 20 jours ouvrables.<\/p>\n<p><strong><a href=\"https:\/\/www.nikelshop.it\/fr\/contacts\/\" target=\"_blank\" rel=\"noopener noreferrer\">Pour plus d&#8217;informations Contactez-nous<\/a><\/strong><\/p>\n","protected":false},"excerpt":{"rendered":"<p><span style=\"color: #000000\"><strong>Kriptonite<\/strong>: Chariot en aluminium avec roues, utilisable comme support de t\u00e9l\u00e9vision, pour transporter un \u00e9quipement, une imprimante, un ordinateur, etc.<\/span><\/p>\n<p><span style=\"color: #000000\"><strong>Choisissez parmi 6 tailles et hauteurs diff\u00e9rentes<\/strong><\/span><\/p>\n","protected":false},"featured_media":1220,"template":"","meta":[],"product_cat":[360],"product_tag":[],"class_list":["post-7953","product","type-product","status-publish","has-post-thumbnail","hentry","product_cat-accessoires-dameublement","pa_dimensione-2-etageres-43x45-h-52","pa_dimensione-2-etageres-63x45-h-52","pa_dimensione-3-etageres-43x45-h-85","pa_dimensione-3-etageres-63x45-h-85","pa_dimensione-4-etageres-43x45-h-135","pa_dimensione-4-etageres-63x45-h-135","yith_product_brand-kriptonite-fr","tm-no-options"],"_links":{"self":[{"href":"https:\/\/www.nikelshop.it\/fr\/wp-json\/wp\/v2\/product\/7953"}],"collection":[{"href":"https:\/\/www.nikelshop.it\/fr\/wp-json\/wp\/v2\/product"}],"about":[{"href":"https:\/\/www.nikelshop.it\/fr\/wp-json\/wp\/v2\/types\/product"}],"wp:featuredmedia":[{"embeddable":true,"href":"https:\/\/www.nikelshop.it\/fr\/wp-json\/wp\/v2\/media\/1220"}],"wp:attachment":[{"href":"https:\/\/www.nikelshop.it\/fr\/wp-json\/wp\/v2\/media?parent=7953"}],"wp:term":[{"taxonomy":"product_cat","embeddable":true,"href":"https:\/\/www.nikelshop.it\/fr\/wp-json\/wp\/v2\/product_cat?post=7953"},{"taxonomy":"product_tag","embeddable":true,"href":"https:\/\/www.nikelshop.it\/fr\/wp-json\/wp\/v2\/product_tag?post=7953"}],"curies":[{"name":"wp","href":"https:\/\/api.w.org\/{rel}","templated":true}]}}