{"id":7943,"date":"2018-11-13T12:47:01","date_gmt":"2018-11-13T11:47:01","guid":{"rendered":"http:\/\/www.nikelshop.it\/prodotto\/krossing-sistema-a-parete-modulare\/"},"modified":"2025-05-09T19:16:26","modified_gmt":"2025-05-09T17:16:26","slug":"krossing-etagere-et-systeme-de-mur-modulaire","status":"publish","type":"product","link":"https:\/\/www.nikelshop.it\/fr\/prodotto\/krossing-etagere-et-systeme-de-mur-modulaire\/","title":{"rendered":"Krossing &#8211; \u00c9tag\u00e8re et syst\u00e8me de mur modulaire"},"content":{"rendered":"<ul>\n<li><span style=\"color: #003366\"><strong><a style=\"color: #003366\" href=\"https:\/\/www.nikelshop.it\/wp-content\/uploads\/2018\/11\/Scheda-tecnica-Krossing-ENG.pdf\" target=\"_blank\" rel=\"noopener noreferrer\">Fiche tecnique Krossing (anglais)<\/a><\/strong><\/span><\/li>\n<li><span style=\"color: #003366\"><strong><a style=\"color: #003366\" href=\"http:\/\/www.nikelshop.it\/wp-content\/uploads\/2018\/11\/Krossing-Istruzioni-Montaggio.pdf\" target=\"_blank\" rel=\"noopener noreferrer\">Instructions de Montage Krossing (IT \/ EN)<\/a><\/strong><\/span><\/li>\n<\/ul>\n<p><strong>\u00c9tag\u00e8re Krossing<\/strong> est un syst\u00e8me produit par <strong>Kriptonite<\/strong>, l&#8217;historique marque italienne\u00a0 qui produit des biblioth\u00e8ques et des accessoires d\u2019ameublement en aluminium, avec un design unique et incomparable.<\/p>\n<p>Le syst\u00e8me mural Krossing, compos\u00e9 simplement d&#8217;\u00e9tag\u00e8res et de tubes en aluminium, est con\u00e7u pour contenir un grand nombre de livres (mais \u00e9galement de CD, DVD, etc.) avec un encombrement minimal.<br \/>\nKrossing, une fois rempli, a tendance \u00e0 &#8220;dispara\u00eetre&#8221; pour laisser un maximum d&#8217;espace pour les livres, CD, DVD, parfums, \u00e9pices, pinceaux, pots, caf\u00e9, etc.<br \/>\nConsultez les pi\u00e8ces jointes ci-dessus (<strong>Kossing &#8211; fiche technique et <\/strong><strong>\u00a0Instructions de Montage<\/strong>)\u00a0pour mieux comprendre la structure de Krossing).<\/p>\n<p>Pour acheter votre biblioth\u00e8que, s\u00e9lectionner les \u00e9l\u00e9ments n\u00e9cessaires:<br \/>\nla quantit\u00e9 d&#8217;\u00e9tag\u00e8res et la la quantit\u00e9 de tubes d&#8217;espacement.<br \/>\nCe n&#8217;est pas difficile, lisez bien toute l&#8217;annonce puis commencez \u00e0 s\u00e9lectionner les \u00e9tag\u00e8res et les tubes, en indiquant la quantit\u00e9 n\u00e9cessaire.<\/p>\n<ul>\n<li>Les <strong>\u00e9tag\u00e8res<\/strong> ont une <strong>profondeur de 15 cm<\/strong> et sont disponibles dans les longueurs suivantes: <strong>34, 67, 100, 133, 166, 200 cm.<\/strong><\/li>\n<li><strong>\u00a0tubes<\/strong> d&#8217;espacement ont quatre hauteurs diff\u00e9rentes: <strong><strong>15, 20, 25, 33 cm.\u00a0<\/strong><\/strong>L&#8217;utilisation des tubes de 15 cm de hauteur cr\u00e9e un espace adapt\u00e9 pour contenir des CD, avec ceux de 20 cm de hauteur un espace adapt\u00e9 pour contenir des DVD et avec ceux de 25 cm de hauteur un espace adapt\u00e9 aux livres. Enfin, 33 cm est une hauteur appropri\u00e9e pour contenir des bouteilles si nous allons utiliser le Krossing en cuisine.<\/li>\n<li>Les <strong>couleurs disponibles<\/strong> sont: blanc mate, noir mate + autres couleurs avec augmentation de prix de 9,5% (Aluminium anodis\u00e9, Couleur Sable (Dunes de Sable), Anthracite mat RAL7022, Gris gaufr\u00e9 RAL7032, Vert mat RAL6003)<\/li>\n<\/ul>\n<p>Une fois que la quantit\u00e9 d&#8217;\u00e9tag\u00e8res, de tubes et de couleurs a \u00e9t\u00e9 s\u00e9lectionn\u00e9e, vous pouvez cliquer sur <strong>&#8220;Ajouter au panier&#8221;<\/strong> et poursuivre avec le paiement pour terminer la commande.<\/p>\n<p>La commande sera <strong>livr\u00e9 dans 3\/4 semaines.<\/strong><\/p>\n<p>En ce qui concerne le montage, il suffit simplement de joindre les \u00e9tag\u00e8res que nous avons choisies avec les tubes. Vous pouvez tout faire \u00e0 la main, sans utiliser d&#8217;autres outils. Dans tous les cas, consultez les <em>Instructions de Montage<\/em> trouv\u00e9es \u00e0 l&#8217;int\u00e9rieur des colis.<\/p>\n<p>Comme vous pouvez le constater, c\u2019est tr\u00e8s simple et vous pouvez \u00e9galement composer des formes particuli\u00e8res et personnalis\u00e9es.<\/p>\n<p>En cas de doute, n&#8217;h\u00e9sitez pas \u00e0 nous contacter,\u00a0nous vous fournirons toutes les clarifications; et si vous avez des besoins particuliers, nous vous recommanderons la meilleure configuration.<\/p>\n<p>Pour un devis personnalis\u00e9 contactez-nous<a href=\"https:\/\/www.nikelshop.it\/fr\/contacts\/\" target=\"_blank\" rel=\"noopener noreferrer\"><strong>\u00a0<span style=\"color: #003366\">(cliquez ici)<\/span><\/strong><\/a><\/p>\n<p>Commandes avec destination la <strong>Suisse<\/strong> et\u00a0 <strong>Royaume-Uni<\/strong>, la TVA italienne est d\u00e9duite.<\/p>\n<h4><span style=\"color: #003366\"><a style=\"color: #003366\" href=\"#mioNome\">Aller au choix des \u00e9l\u00e9ments<\/a><\/span><\/h4>\n","protected":false},"excerpt":{"rendered":"<p><span style=\"color: #333333\">Biblioth\u00e8que <strong>Krossing<\/strong> &#8211; Syst\u00e8me mural modulaire Kriptonite<\/span><\/p>\n<p><span style=\"color: #333333\">Cr\u00e9ez votre propre biblioth\u00e8que Krossing<\/span><br \/>\n<span style=\"color: #333333\">D\u00e9lais de livraison : environ 3\/4 semaines.<\/span><\/p>\n<p><span style=\"color: #333333\"><strong>REVENDEUR OFFICIEL KRIPTONITE<\/strong><\/span><\/p>\n<p>&nbsp;<\/p>\n","protected":false},"featured_media":9705,"template":"","meta":[],"product_cat":[360,325],"product_tag":[1537,618,1511,626],"class_list":["post-7943","product","type-product","status-publish","has-post-thumbnail","hentry","product_cat-accessoires-dameublement","product_cat-bibliotheques-systemes-mureaux","product_tag-bibliotheque","product_tag-kriptonite-fr","product_tag-krossing-fr","product_tag-libreria-fr","yith_product_brand-kriptonite-fr","tm-has-options"],"_links":{"self":[{"href":"https:\/\/www.nikelshop.it\/fr\/wp-json\/wp\/v2\/product\/7943"}],"collection":[{"href":"https:\/\/www.nikelshop.it\/fr\/wp-json\/wp\/v2\/product"}],"about":[{"href":"https:\/\/www.nikelshop.it\/fr\/wp-json\/wp\/v2\/types\/product"}],"wp:featuredmedia":[{"embeddable":true,"href":"https:\/\/www.nikelshop.it\/fr\/wp-json\/wp\/v2\/media\/9705"}],"wp:attachment":[{"href":"https:\/\/www.nikelshop.it\/fr\/wp-json\/wp\/v2\/media?parent=7943"}],"wp:term":[{"taxonomy":"product_cat","embeddable":true,"href":"https:\/\/www.nikelshop.it\/fr\/wp-json\/wp\/v2\/product_cat?post=7943"},{"taxonomy":"product_tag","embeddable":true,"href":"https:\/\/www.nikelshop.it\/fr\/wp-json\/wp\/v2\/product_tag?post=7943"}],"curies":[{"name":"wp","href":"https:\/\/api.w.org\/{rel}","templated":true}]}}