{"id":7938,"date":"2019-02-08T23:59:20","date_gmt":"2019-02-08T22:59:20","guid":{"rendered":"http:\/\/www.nikelshop.it\/prodotto\/libreria-k2-kriptonite-a-pressione-tra-pavimento-e-soffitto-2\/"},"modified":"2024-07-15T15:31:41","modified_gmt":"2024-07-15T13:31:41","slug":"k2-kriptonite-etagere-a-pression-entre-sol-et-plafond","status":"publish","type":"product","link":"https:\/\/www.nikelshop.it\/fr\/prodotto\/k2-kriptonite-etagere-a-pression-entre-sol-et-plafond\/","title":{"rendered":"K2 Kriptonite \u00e9tag\u00e8re \u00e0 pression entre sol et plafond"},"content":{"rendered":"<ul>\n<li><a href=\"http:\/\/www.nikelshop.it\/wp-content\/uploads\/2019\/02\/Kriptonite-Istruzioni-di-montaggio-K2.pdf\">K2 &#8211; Instructions de montage<\/a><\/li>\n<li><span style=\"color: #003366\"><strong><a style=\"color: #003366\" href=\"https:\/\/www.nikelshop.it\/wp-content\/uploads\/2018\/11\/Scheda-tecnica-K2-ENG.pdf\">K2 Kriptonite \u2013 Fiche Technique (anglais)<\/a><\/strong><\/span><\/li>\n<\/ul>\n<div class=\"panel\">\n<div id=\"collapse-tab-1\" class=\"panel-collapse collapse in\" role=\"tabpanel\" aria-labelledby=\"heading-1\">\n<div class=\"entry-content\">\n<div class=\"woocommerce-product-details__short-description\">\n<p><span style=\"color: #000000\">K2 de kriptonite est une biblioth\u00e8que en m\u00e9tal avec un syst\u00e8me de pression entre le plancher et le plafond compos\u00e9 de montants, \u00e9tag\u00e8res et conteneurs.<\/span><\/p>\n<p><span style=\"color: #000000\">Il est double-face et nous pouvons facilement l\u2019ins\u00e9rer pour diviser un environnement.\u00a0 Avec K2, nous sommes en mesure de formuler plusieurs solutions pour le salon et la zone de couchage.<\/span><\/p>\n<p><span style=\"color: #000000\">Disponible en couleurs: aluminium anodis\u00e9, blanc opaque,\u00a0 noir opaque.<\/span><\/p>\n<\/div>\n<p>Les \u00e9tag\u00e8res et les tiroirs ou les r\u00e9cipients peuvent \u00eatre faits de bois au lieu du m\u00e9tal.<\/p>\n<p>La biblioth\u00e8que K2 est fix\u00e9e \u00e0 la pression entre le plancher et le plafond et le plancher ne doit pas \u00eatre perc\u00e9! K2 peut \u00eatre form\u00e9 par une seule trav\u00e9e (une colonne) ou par plusieurs trav\u00e9es, autant que nous le voulons.<\/p>\n<p><strong>MONTANTS<\/strong><\/p>\n<p>Les montants sont consider\u00e9r\u00e9s comme:<\/p>\n<p>a) lat\u00e9rales ( ceux qui se trouvent \u00e0 l&#8217;ext\u00e9rieur de la structure )<\/p>\n<p>b) centrales ( ceux qui sont au centre s&#8217;il y a 2 trav\u00e9es ou plus )<\/p>\n<p>Si nous voulons cr\u00e9er une biblioth\u00e8que \u00e0 <strong>une trav\u00e9e<\/strong>, nous avons besoin de deux montants lat\u00e9raux.<br \/>\nSi nous voulons cr\u00e9er une biblioth\u00e8que \u00e0 <strong>deux trav\u00e9es<\/strong>, nous avons besoin de deux montants lat\u00e9raux et d\u2019un montant central.<br \/>\nSi nous voulons cr\u00e9er une biblioth\u00e8que \u00e0 <strong>trois trav\u00e9es<\/strong>, deux montants lat\u00e9raux et deux montants centraux sont n\u00e9cessaires.<br \/>\n<strong>Les montants doivent \u00eatre aussi hauts que notre plafond<\/strong>.\u00a0 Nous devons indiquer la hauteur du plafond dans la section &#8220;autres personnalisations&#8221;.<br \/>\nLa hauteur maximale du plafond peut \u00eatre de 330 cm.<\/p>\n<p><strong>LES \u00c9TAG\u00c8RES<\/strong><\/p>\n<p>Tous les 10 cm sur le montant il y a la possibilit\u00e9 d&#8217;accrocher une \u00e9tag\u00e8re.<br \/>\nLes \u00e9tag\u00e8res peuvent \u00eatre 60 cm, 90 cm ou 120 cm de large, et peuvent \u00eatre de 29 cm ou 36 cm de profondeur.<br \/>\nNous choisissons ceux qui nous int\u00e9ressent.<br \/>\nEn outre, l\u2019\u00e9tag\u00e8re peut avoir les bords orient\u00e9s vers le bas (et nous allons l\u2019appeler une \u00e9tag\u00e8re simple) ou il peut avoir une bordure, l\u2019arri\u00e8re, soulev\u00e9, afin d\u2019arr\u00eater les livres contre eux (\u00e9tag\u00e8re de bord soulev\u00e9).<br \/>\nIl y a aussi des \u00e9tag\u00e8res en bois. Ils ont les m\u00eames dimensions et ils sont fournis avec des crochets en m\u00e9tal pour les attacher aux montants.<\/p>\n<p><strong>TIROIRS ET R\u00c9CIPIENTS<\/strong><\/p>\n<p>Nous pouvons \u00e9galement ins\u00e9rer des coffres de tiroirs, qui sont fix\u00e9s tr\u00e8s simplement au m\u00eame endroit que les \u00e9tag\u00e8res.<br \/>\nIl y a le tiroir simple, le tiroir double et le r\u00e9cipient avec ouverture de rabat que nous pouvons choisir d\u2019ouvrir du bas vers le haut ou vice versa. Ces \u00e9l\u00e9ments ont \u00e9galement une largeur de 60 cm ou 90 cm.<br \/>\nLes profondeurs peuvent \u00eatre 36 cm ou 44 cm.<br \/>\nLes coffres de tiroirs et les r\u00e9cipients sont d\u2019excellente ex\u00e9cution, avec le piste bloqu\u00e9e.<br \/>\nIl y a des coffres de tiroirs et des r\u00e9cipients, \u00e9galement dans diff\u00e9rentes typologies, en bois. Voir l\u2019image ci-jointe dans \u00abchoisir des tiroirs et des r\u00e9cipients en bois\u00bb o\u00f9 nous trouvons les types de r\u00e9cipients fournis.<\/p>\n<p><strong>MONTAGE<\/strong><\/p>\n<p>L\u2019assemblage de K2 est extr\u00eamement simple.<br \/>\nNous attachons quelques \u00e9tag\u00e8res aux montants avec les vis fournies. Nous composons partiellement la biblioth\u00e8que sur pied.<br \/>\nNous ajoutons avec le niveau la position, v\u00e9rifier si les montants sont verticaux et les \u00e9tag\u00e8res horizontales et serrer les roues qui sont \u00e0 la t\u00eate des montants, une contre le sol et une contre le plafond. Nous fixons \u00e7a au plafond. Nous ajoutons d\u2019autres \u00e9tag\u00e8res et peut-\u00eatre les tiroirs, et nous avons fini.<br \/>\nSi la structure est pr\u00e8s d\u2019un mur et le plafond est \u00abfragile\u00bb de type pl\u00e2tre ou autre, il est n\u00e9cessaire fixer les montants au mur avec des crochets pour le mur.<br \/>\n\u00c0 l\u2019int\u00e9rieur de la bo\u00eete il y a une feuille avec des instructions d\u2019assemblage claires.<\/p>\n<\/div>\n<\/div>\n<\/div>\n<div class=\"panel\">\n<div id=\"heading-2\" class=\"tabs-title\" role=\"tab\"><strong><a href=\"#mioNome\">Allez \u00e0 la s\u00e9lection des \u00e9l\u00e9ments<\/a><\/strong><\/div>\n<\/div>\n","protected":false},"excerpt":{"rendered":"<h5><span style=\"color: #333333\"><strong>REVENDEUR OFFICIEL KRIPTONITE<\/strong><\/span><\/h5>\n<p><span style=\"color: #333333\"><strong>\u00c9tag\u00e8re modulaire K2 Kriptonite<\/strong><\/span><\/p>\n<p><span style=\"color: #333333\">Personnalisez et achetez l&#8217;\u00a0\u00e9tag\u00e8re K2 vous-m\u00eame<\/span><\/p>\n","protected":false},"featured_media":7940,"template":"","meta":[],"product_cat":[325],"product_tag":[],"class_list":["post-7938","product","type-product","status-publish","has-post-thumbnail","hentry","product_cat-bibliotheques-systemes-mureaux","yith_product_brand-kriptonite-fr","tm-has-options"],"_links":{"self":[{"href":"https:\/\/www.nikelshop.it\/fr\/wp-json\/wp\/v2\/product\/7938"}],"collection":[{"href":"https:\/\/www.nikelshop.it\/fr\/wp-json\/wp\/v2\/product"}],"about":[{"href":"https:\/\/www.nikelshop.it\/fr\/wp-json\/wp\/v2\/types\/product"}],"wp:featuredmedia":[{"embeddable":true,"href":"https:\/\/www.nikelshop.it\/fr\/wp-json\/wp\/v2\/media\/7940"}],"wp:attachment":[{"href":"https:\/\/www.nikelshop.it\/fr\/wp-json\/wp\/v2\/media?parent=7938"}],"wp:term":[{"taxonomy":"product_cat","embeddable":true,"href":"https:\/\/www.nikelshop.it\/fr\/wp-json\/wp\/v2\/product_cat?post=7938"},{"taxonomy":"product_tag","embeddable":true,"href":"https:\/\/www.nikelshop.it\/fr\/wp-json\/wp\/v2\/product_tag?post=7938"}],"curies":[{"name":"wp","href":"https:\/\/api.w.org\/{rel}","templated":true}]}}