{"id":19098,"date":"2023-01-18T23:38:39","date_gmt":"2023-01-18T22:38:39","guid":{"rendered":"https:\/\/www.nikelshop.it\/?post_type=product&#038;p=19098"},"modified":"2025-09-09T12:57:38","modified_gmt":"2025-09-09T10:57:38","slug":"krossing-midi-bibliotheque-modulable-murale-et-ou-de-sol","status":"publish","type":"product","link":"https:\/\/www.nikelshop.it\/fr\/prodotto\/krossing-midi-bibliotheque-modulable-murale-et-ou-de-sol\/","title":{"rendered":"Krossing MIDI &#8211; Biblioth\u00e8que modulable murale et\/ou de sol"},"content":{"rendered":"<p>Krossing Midi est une \u00e9volution du c\u00e9l\u00e8bre syst\u00e8me Krossing produit par Kriptonite, la marque italienne historique qui produit des biblioth\u00e8ques et des accessoires d&#8217;ameublement en aluminium, au design unique et incomparable. Krossing Midi a une particularit\u00e9 : une structure peut \u00eatre configur\u00e9e pour \u00eatre fix\u00e9e au mur, ou une base peut \u00eatre ajout\u00e9e de mani\u00e8re \u00e0 reposer la structure sur le sol, mais en la fixant au mur.<\/p>\n<p>Le syst\u00e8me mural Krossing Midi, r\u00e9alis\u00e9 simplement avec des \u00e9tag\u00e8res et des tubes en aluminium, est con\u00e7u pour contenir un grand nombre de livres, mais pas seulement, avec un minimum d&#8217;espace. Jetez un oeil aux pi\u00e8ces jointes ci-dessus (Fiche Technique Krossing Midi.pdf pour mieux comprendre la structure)<\/p>\n<p><img loading=\"lazy\" decoding=\"async\" class=\"size-medium wp-image-19101 alignleft\" src=\"https:\/\/www.nikelshop.it\/wp-content\/uploads\/2023\/01\/Krossing_Midi-500x411.png\" alt=\"krossing_midi_kriptonite\" width=\"500\" height=\"411\" \/><\/p>\n<p>Pour acheter votre biblioth\u00e8que Krossing Midi, s\u00e9lectionnez les \u00e9l\u00e9ments n\u00e9cessaires: la <strong>quantit\u00e9 d&#8217;\u00e9tag\u00e8res<\/strong> et la <strong>quantit\u00e9 de tubes<\/strong> entretoises. Ce n&#8217;est pas difficile, lisez bien toute l&#8217;annonce puis commencez \u00e0 s\u00e9lectionner les \u00e9l\u00e9ments n\u00e9cessaires en indiquant la quantit\u00e9 n\u00e9cessaire.<\/p>\n<p>Les <strong>\u00e9tag\u00e8res<\/strong> ont une <strong>profondeur de 20 cm<\/strong> et sont disponibles en<strong> longueurs de 40, 80, 120, 160, 200 cm<\/strong>. Des longueurs personnalis\u00e9es peuvent \u00eatre obtenues avec un petit suppl\u00e9ment. Pour obtenir des informations sur des mesures particuli\u00e8res, \u00e9crivez un message.<\/p>\n<p>Les <strong>tubes<\/strong> entretoises ont deux hauteurs : <strong>25 et 33 cm<\/strong>.<\/p>\n<p>Les<strong> couleurs<\/strong> disponibles sont: blanc mat, noir mat. D&#8217;autres couleurs sont disponibles, y compris l&#8217;aluminium anodis\u00e9, mais avec suppl\u00e9ment.<\/p>\n<p>Une fois la quantit\u00e9 d&#8217;\u00e9tag\u00e8res, de tubes et de couleur s\u00e9lectionn\u00e9e, nous pouvons cliquer sur &#8220;<strong>Ajouter au panier<\/strong>&#8221; et poursuivre le paiement pour finaliser la commande.<\/p>\n<p>En ce qui concerne l&#8217;assemblage, il s&#8217;agit simplement de joindre les \u00e9tag\u00e8res que nous avons choisies avec les tubes. Vous pouvez tout faire \u00e0 la main, sans utiliser d&#8217;autres outils. Dans tous les cas, consultez les instructions de montage que vous trouverez dedans le colis.<\/p>\n<p>Comme vous pouvez le voir, c&#8217;est tr\u00e8s simple et vous pouvez \u00e9galement composer des formes particuli\u00e8res et personnalis\u00e9es.<\/p>\n<p><strong>D\u00e9lai de livraison<\/strong> environ 5\/6 semaines.<\/p>\n<p>Pour tout doute, n&#8217;h\u00e9sitez pas \u00e0 nous contacter, nous vous fournirons toutes les pr\u00e9cisions; et si vous avez des besoins particuliers, nous vous recommanderons la meilleure configuration.<\/p>\n<p>Pour un devis personnalis\u00e9, envoyez-nous une demande en remplissant le formulaire <a href=\"https:\/\/www.nikelshop.it\/fr\/contacts\/?v=cd32106bcb6d\" target=\"_blank\" rel=\"noopener noreferrer\">(cliquez ici)<\/a><\/p>\n<p><strong>NOUS LIVRONS DANS TOUTE L&#8217;EUROPE<\/strong><br \/>\nPour les commandes avec destination <strong>SUISSE et ROYAUME-UNI<\/strong>, la TVA italienne est d\u00e9duite<br \/>\n<a href=\"#monNom\"><strong>Aller au choix des \u00e9l\u00e9ments<\/strong><\/a><\/p>\n","protected":false},"excerpt":{"rendered":"<p>Biblioth\u00e8que <strong>Krossing Midi<\/strong> &#8211; <strong>Kriptonite<\/strong> a cr\u00e9\u00e9 un nouveau syst\u00e8me mural modulaire avec la possibilit\u00e9 de le poser au sol.<\/p>\n<p>Les \u00e9tag\u00e8res ont une <strong>profondeur de 20 cm<\/strong>.<\/p>\n<p>Il peut \u00eatre fix\u00e9 au mur ou, en ajoutant une base, il peut \u00eatre pos\u00e9 au sol et \u00eatre fix\u00e9 au mur.<\/p>\n<p>Cr\u00e9ez votre propre composition.<\/p>\n<p><strong>REVENDEUR OFFICIEL DE KRIPTONITE<\/strong><a name=\"monNom\"><\/a><\/p>\n","protected":false},"featured_media":19108,"template":"","meta":[],"product_cat":[360,325],"product_tag":[],"class_list":["post-19098","product","type-product","status-publish","has-post-thumbnail","hentry","product_cat-accessoires-dameublement","product_cat-bibliotheques-systemes-mureaux","yith_product_brand-kriptonite-fr","tm-has-options"],"_links":{"self":[{"href":"https:\/\/www.nikelshop.it\/fr\/wp-json\/wp\/v2\/product\/19098"}],"collection":[{"href":"https:\/\/www.nikelshop.it\/fr\/wp-json\/wp\/v2\/product"}],"about":[{"href":"https:\/\/www.nikelshop.it\/fr\/wp-json\/wp\/v2\/types\/product"}],"wp:featuredmedia":[{"embeddable":true,"href":"https:\/\/www.nikelshop.it\/fr\/wp-json\/wp\/v2\/media\/19108"}],"wp:attachment":[{"href":"https:\/\/www.nikelshop.it\/fr\/wp-json\/wp\/v2\/media?parent=19098"}],"wp:term":[{"taxonomy":"product_cat","embeddable":true,"href":"https:\/\/www.nikelshop.it\/fr\/wp-json\/wp\/v2\/product_cat?post=19098"},{"taxonomy":"product_tag","embeddable":true,"href":"https:\/\/www.nikelshop.it\/fr\/wp-json\/wp\/v2\/product_tag?post=19098"}],"curies":[{"name":"wp","href":"https:\/\/api.w.org\/{rel}","templated":true}]}}