{"id":18537,"date":"2022-04-27T00:14:51","date_gmt":"2022-04-26T22:14:51","guid":{"rendered":"https:\/\/www.nikelshop.it\/prodotto\/libreria-krossing-kriptonite\/"},"modified":"2025-03-10T21:57:00","modified_gmt":"2025-03-10T20:57:00","slug":"bibliotheque-krossing-kriptonite","status":"publish","type":"product","link":"https:\/\/www.nikelshop.it\/fr\/prodotto\/bibliotheque-krossing-kriptonite\/","title":{"rendered":"Biblioth\u00e8que Krossing Kriptonite"},"content":{"rendered":"<p>Composez vous-m\u00eame la biblioth\u00e8que Krossing.<\/p>\n<p>S\u00e9lectionnez la largeur et la hauteur<\/p>\n<p>Espace entre une \u00e9tag\u00e8re et une autre : 25 cm.<\/p>\n<p><span style=\"color: #000080\">Si vous souhaitez une biblioth\u00e8que ou \u00e9tag\u00e8re sur mesure, vous pouvez acheter les \u00e9l\u00e9ments (\u00e9tag\u00e8res et tubes) en<\/span> <a href=\"https:\/\/www.nikelshop.it\/fr\/prodotto\/krossing-etagere-et-systeme-de-mur-modulaire\/?v=cd32106bcb6d\" target=\"_blank\" rel=\"noopener noreferrer\"><strong>cliquant ici<\/strong><\/a><\/p>\n<p><iframe loading=\"lazy\" src=\"https:\/\/www.youtube.com\/embed\/srUoc-Ga048\" width=\"560\" height=\"315\" frameborder=\"0\" allowfullscreen=\"allowfullscreen\"><\/iframe><\/p>\n","protected":false},"excerpt":{"rendered":"<p><span style=\"color: #333333\">Composez vous-m\u00eame la biblioth\u00e8que \/ \u00e9tag\u00e8re Krossing.<\/span><br \/>\n<span style=\"color: #333333\">S\u00e9lectionnez la largeur [larghezza] et la hauteur [altezza]<\/span><br \/>\n<span style=\"color: #333333\">N&#8217;oubliez pas de s\u00e9lectionner la couleur.<\/span><br \/>\n<span style=\"color: #333333\">Distance entre une \u00e9tag\u00e8re et une autre : 25 cm.<\/span><\/p>\n<p><span style=\"color: #333333\">D\u00e9lai de livraison : environ 4 semaines<\/span><\/p>\n<p>Si vous souhaitez une biblioth\u00e8que ou \u00e9tag\u00e8re sur mesure, vous pouvez acheter les \u00e9l\u00e9ments (\u00e9tag\u00e8res et tubes) en <a href=\"https:\/\/www.nikelshop.it\/fr\/prodotto\/krossing-etagere-et-systeme-de-mur-modulaire\/?v=cd32106bcb6d\" target=\"_blank\" rel=\"noopener noreferrer\"><strong>cliquant ici<\/strong><\/a><\/p>\n","protected":false},"featured_media":18460,"template":"","meta":[],"product_cat":[325],"product_tag":[618,1511,626],"class_list":["post-18537","product","type-product","status-publish","has-post-thumbnail","hentry","product_cat-bibliotheques-systemes-mureaux","product_tag-kriptonite-fr","product_tag-krossing-fr","product_tag-libreria-fr","yith_product_brand-kriptonite-fr","tm-has-options"],"_links":{"self":[{"href":"https:\/\/www.nikelshop.it\/fr\/wp-json\/wp\/v2\/product\/18537"}],"collection":[{"href":"https:\/\/www.nikelshop.it\/fr\/wp-json\/wp\/v2\/product"}],"about":[{"href":"https:\/\/www.nikelshop.it\/fr\/wp-json\/wp\/v2\/types\/product"}],"wp:featuredmedia":[{"embeddable":true,"href":"https:\/\/www.nikelshop.it\/fr\/wp-json\/wp\/v2\/media\/18460"}],"wp:attachment":[{"href":"https:\/\/www.nikelshop.it\/fr\/wp-json\/wp\/v2\/media?parent=18537"}],"wp:term":[{"taxonomy":"product_cat","embeddable":true,"href":"https:\/\/www.nikelshop.it\/fr\/wp-json\/wp\/v2\/product_cat?post=18537"},{"taxonomy":"product_tag","embeddable":true,"href":"https:\/\/www.nikelshop.it\/fr\/wp-json\/wp\/v2\/product_tag?post=18537"}],"curies":[{"name":"wp","href":"https:\/\/api.w.org\/{rel}","templated":true}]}}