{"id":17838,"date":"2020-04-12T01:48:22","date_gmt":"2020-04-11T23:48:22","guid":{"rendered":"https:\/\/www.nikelshop.it\/prodotto\/mensole-minus-e-maxi-minus-kriptonite\/"},"modified":"2023-02-05T11:12:02","modified_gmt":"2023-02-05T10:12:02","slug":"etagere-minus-et-maxi-minus-kriptonite","status":"publish","type":"product","link":"https:\/\/www.nikelshop.it\/fr\/prodotto\/etagere-minus-et-maxi-minus-kriptonite\/","title":{"rendered":"Etag\u00e8re Minus et Maxi Minus Kriptonite"},"content":{"rendered":"<p>Minus et Maxi Minus sont de petites \u00e9tag\u00e8res produites par Kriptonite, id\u00e9ales pour ranger nos livres ou nos CD.<\/p>\n<p>Minus est la plus petite \u00e9tag\u00e8re, adapt\u00e9e au stockage de CD, elle mesure 12,5 cm de large<\/p>\n<p>Maxi Minus est la plus grande \u00e9tag\u00e8re, adapt\u00e9e pour contenir des livres, et mesure 25 cm de large<\/p>\n<p>En les pla\u00e7ant \u00e9parpill\u00e9s sur le mur on peut obtenir un ensemble tr\u00e8s d\u00e9coratif.<\/p>\n<p>&nbsp;<\/p>\n","protected":false},"excerpt":{"rendered":"<p>Minus et Maxi Minus sont de petites \u00e9tag\u00e8res produites par Kriptonite, id\u00e9ales pour ranger nos livres ou nos CD.<\/p>\n<ul>\n<li>Minus est la plus petite \u00e9tag\u00e8re et mesure 12,5 cm de large, convient aux CD<\/li>\n<li>Maxi Minus est la plus grande \u00e9tag\u00e8re, adapt\u00e9e pour contenir des livres, et mesure 25 cm de large<\/li>\n<\/ul>\n","protected":false},"featured_media":10767,"template":"","meta":[],"product_cat":[360],"product_tag":[],"class_list":["post-17838","product","type-product","status-publish","has-post-thumbnail","hentry","product_cat-accessoires-dameublement","yith_product_brand-kriptonite-fr","tm-no-options"],"_links":{"self":[{"href":"https:\/\/www.nikelshop.it\/fr\/wp-json\/wp\/v2\/product\/17838"}],"collection":[{"href":"https:\/\/www.nikelshop.it\/fr\/wp-json\/wp\/v2\/product"}],"about":[{"href":"https:\/\/www.nikelshop.it\/fr\/wp-json\/wp\/v2\/types\/product"}],"wp:featuredmedia":[{"embeddable":true,"href":"https:\/\/www.nikelshop.it\/fr\/wp-json\/wp\/v2\/media\/10767"}],"wp:attachment":[{"href":"https:\/\/www.nikelshop.it\/fr\/wp-json\/wp\/v2\/media?parent=17838"}],"wp:term":[{"taxonomy":"product_cat","embeddable":true,"href":"https:\/\/www.nikelshop.it\/fr\/wp-json\/wp\/v2\/product_cat?post=17838"},{"taxonomy":"product_tag","embeddable":true,"href":"https:\/\/www.nikelshop.it\/fr\/wp-json\/wp\/v2\/product_tag?post=17838"}],"curies":[{"name":"wp","href":"https:\/\/api.w.org\/{rel}","templated":true}]}}