{"id":10940,"date":"2020-05-02T23:26:00","date_gmt":"2020-05-02T21:26:00","guid":{"rendered":"https:\/\/www.nikelshop.it\/?post_type=product&#038;p=10940"},"modified":"2022-05-26T00:07:37","modified_gmt":"2022-05-25T22:07:37","slug":"etagere-trieste-copia","status":"publish","type":"product","link":"https:\/\/www.nikelshop.it\/fr\/prodotto\/etagere-trieste-copia\/","title":{"rendered":"Biblioth\u00e8que et \u00e9tag\u00e8res TECA &#8211; personnalisables"},"content":{"rendered":"<ul>\n<li>Instructions de montage \u00e9tag\u00e8re simple<\/li>\n<li>Instructions de montage des \u00e9tag\u00e8res sur les montants<\/li>\n<\/ul>\n<p>Syst\u00e8me d&#8217;\u00e9tag\u00e8res utilisables \u00e0 la fois avec fixation directe au mur et positionn\u00e9es \u00e0 hauteur variable sur des montants \u00e0 fixer au mur.<\/p>\n<p>\u00c9tag\u00e8res et montants en aluminium extrud\u00e9 anodis\u00e9 naturel.<\/p>\n<p>Serre-livres (en option) en acier chrom\u00e9.<\/p>\n<p>Les \u00e9tag\u00e8res sont fournies avec des chevilles et des vis pour la fixation au mur et peuvent \u00e9galement \u00eatre utilis\u00e9es pour les montants.<\/p>\n<p>Poids maximum autoris\u00e9: 50 kg pour chaque \u00e9tag\u00e8re.<\/p>\n<p>Les \u00e9tag\u00e8res ont deux largeurs: 60 cm et 90 cm et deux profondeurs: 15,5 cm et 22 cm<\/p>\n<p>Vous pouvez choisir et acheter uniquement les \u00e9tag\u00e8res \u00e0 utiliser directement ou vous pouvez choisir les \u00e9l\u00e9ments n\u00e9cessaires pour composer la biblioth\u00e8que personnalis\u00e9e selon vos besoins.<\/p>\n<p>Dans ce cas, s\u00e9lectionnez les montants, \u00e9tag\u00e8res, serre-livres et crochets pour montants, enfin \u00abAjouter au panier\u00bb.<\/p>\n<p>La biblioth\u00e8que peut \u00eatre constitu\u00e9e d&#8217;une ou plusieurs trav\u00e9es. Si nous voulons une biblioth\u00e8que \u00e0 deux trav\u00e9es (c&#8217;est-\u00e0-dire deux colonnes), 3 montants sont n\u00e9cessaires, etc.<\/p>\n<p>Une fois les montants install\u00e9s, il vous suffit d&#8217;accrocher les \u00e9tag\u00e8res.<\/p>\n<p>Si vous avez des doutes sur la composition de la biblioth\u00e8que, vous pouvez nous contacter au 0532-767200<\/p>\n<p>La biblioth\u00e8que Teca con\u00e7ue par Enzo Mari convient \u00e0 la maison et au bureau.<\/p>\n<p>La biblioth\u00e8que sera livr\u00e9e dans environ 12 jours ouvrables.<\/p>\n<p>Aller au choix des \u00e9l\u00e9ments \u2192<\/p>\n","protected":false},"excerpt":{"rendered":"<p><span style=\"color: #000000\">Teca est un syst\u00e8me d&#8217;\u00e9tag\u00e8res qui peut \u00eatre utilis\u00e9 seul ou organis\u00e9 sur des montants comme une biblioth\u00e8que.<\/span><\/p>\n<p><span style=\"color: #000000\">Cr\u00e9ation: Enzo Mari<\/span><\/p>\n<p><span style=\"color: #000000\">Fabriqu\u00e9 par Rexite<\/span><\/p>\n<p><span style=\"color: #000000\">Livraison gratuite<\/span><\/p>\n","protected":false},"featured_media":10944,"template":"","meta":[],"product_cat":[360,325],"product_tag":[625,626,627,628],"class_list":["post-10940","product","type-product","status-publish","has-post-thumbnail","hentry","product_cat-accessoires-dameublement","product_cat-bibliotheques-systemes-mureaux","product_tag-componibile-fr","product_tag-libreria-fr","product_tag-mari-fr","product_tag-teca-fr","yith_product_brand-rexite-fr","tm-has-options"],"_links":{"self":[{"href":"https:\/\/www.nikelshop.it\/fr\/wp-json\/wp\/v2\/product\/10940"}],"collection":[{"href":"https:\/\/www.nikelshop.it\/fr\/wp-json\/wp\/v2\/product"}],"about":[{"href":"https:\/\/www.nikelshop.it\/fr\/wp-json\/wp\/v2\/types\/product"}],"wp:featuredmedia":[{"embeddable":true,"href":"https:\/\/www.nikelshop.it\/fr\/wp-json\/wp\/v2\/media\/10944"}],"wp:attachment":[{"href":"https:\/\/www.nikelshop.it\/fr\/wp-json\/wp\/v2\/media?parent=10940"}],"wp:term":[{"taxonomy":"product_cat","embeddable":true,"href":"https:\/\/www.nikelshop.it\/fr\/wp-json\/wp\/v2\/product_cat?post=10940"},{"taxonomy":"product_tag","embeddable":true,"href":"https:\/\/www.nikelshop.it\/fr\/wp-json\/wp\/v2\/product_tag?post=10940"}],"curies":[{"name":"wp","href":"https:\/\/api.w.org\/{rel}","templated":true}]}}