{"id":10150,"date":"2019-07-30T11:27:34","date_gmt":"2019-07-30T09:27:34","guid":{"rendered":"https:\/\/www.nikelshop.it\/prodotto\/boite-a-cadeau-arti-e-mestieri\/"},"modified":"2021-07-21T11:50:37","modified_gmt":"2021-07-21T09:50:37","slug":"boite-a-cadeau-arti-e-mestieri","status":"publish","type":"product","link":"https:\/\/www.nikelshop.it\/fr\/prodotto\/boite-a-cadeau-arti-e-mestieri\/","title":{"rendered":"Bo\u00eete \u00e0 cadeau Arti e Mestieri"},"content":{"rendered":"<p>Bo\u00eete cadeaux pour des faveurs, appropri\u00e9s pour les objets Arti e Mestieri.<\/p>\n<p>Disponible en 3 tailles.<\/p>\n<p>Les bo\u00eetes sont en carton avec une finition l\u00e9g\u00e8rement sur\u00e9lev\u00e9e.<\/p>\n<p>Grande bo\u00eete &#8211; cm 14&#215;20 h. 8 (motif soie \/ ivoire)<\/p>\n<p>Petite bo\u00eete &#8211; cm 14&#215;14 h. 11 (motif cuir \/ ivoire)<\/p>\n<p>Bo\u00eete cadeau &#8211; 12&#215;12 cm h. 15 (brun naturel)<\/p>\n","protected":false},"excerpt":{"rendered":"<p>Bo\u00eete cadeau pour des faveurs, appropri\u00e9s pour les objets Arti e Mestieri.<\/p>\n","protected":false},"featured_media":10136,"template":"","meta":[],"product_cat":[364,363],"product_tag":[],"class_list":["post-10150","product","type-product","status-publish","has-post-thumbnail","hentry","product_cat-horloges-et-reveils","product_cat-objets-design","yith_product_brand-arti-e-mestieri-fr","tm-no-options"],"_links":{"self":[{"href":"https:\/\/www.nikelshop.it\/fr\/wp-json\/wp\/v2\/product\/10150"}],"collection":[{"href":"https:\/\/www.nikelshop.it\/fr\/wp-json\/wp\/v2\/product"}],"about":[{"href":"https:\/\/www.nikelshop.it\/fr\/wp-json\/wp\/v2\/types\/product"}],"wp:featuredmedia":[{"embeddable":true,"href":"https:\/\/www.nikelshop.it\/fr\/wp-json\/wp\/v2\/media\/10136"}],"wp:attachment":[{"href":"https:\/\/www.nikelshop.it\/fr\/wp-json\/wp\/v2\/media?parent=10150"}],"wp:term":[{"taxonomy":"product_cat","embeddable":true,"href":"https:\/\/www.nikelshop.it\/fr\/wp-json\/wp\/v2\/product_cat?post=10150"},{"taxonomy":"product_tag","embeddable":true,"href":"https:\/\/www.nikelshop.it\/fr\/wp-json\/wp\/v2\/product_tag?post=10150"}],"curies":[{"name":"wp","href":"https:\/\/api.w.org\/{rel}","templated":true}]}}