{"id":10049,"date":"2019-07-27T23:28:18","date_gmt":"2019-07-27T21:28:18","guid":{"rendered":"https:\/\/www.nikelshop.it\/?post_type=product&#038;p=10049"},"modified":"2023-02-05T11:29:39","modified_gmt":"2023-02-05T10:29:39","slug":"horloge-classique-kriptonite","status":"publish","type":"product","link":"https:\/\/www.nikelshop.it\/fr\/prodotto\/horloge-classique-kriptonite\/","title":{"rendered":"Horloge classique Kriptonite"},"content":{"rendered":"<ul>\n<li><strong><a href=\"https:\/\/www.nikelshop.it\/wp-content\/uploads\/2019\/07\/Kriptonite_SchedaTecnica_Orologio-Classico.pdf\" target=\"_blank\" rel=\"noopener noreferrer\">Fiche Technique horloge classique<\/a><\/strong><br \/>\nHorloge murale Kriptonite Classic avec bo\u00eetier et cadran en aluminium anodis\u00e9, verre arrondi.Rappelez-vous la vieille horloge des gares, un objet clair dans notre m\u00e9moire qui \u00e9voque imm\u00e9diatement la pr\u00e9cision d&#8217;un train qui part.Un design simple et rassurant pour un produit un peu plus artisanal, qui devient un \u00e9l\u00e9ment d\u2019ameublement pour un mur de cuisine, une entr\u00e9e ou un espace ouvert.L&#8217;horloge Kriptonite peut \u00eatre ins\u00e9r\u00e9e dans n&#8217;importe quel environnement, de la cuisine \u00e0 la salle \u00e0 manger ou au salon, \u00e0 la salle de bain, o\u00f9 le plus petit de 15 cm de diam\u00e8tre est vraiment au bon endroit.L&#8217;horloge Kriptonite est pr\u00e9cise et silencieuse!Disponible en quatre tailles: diam\u00e8tre 15 cm, 25 cm, 30 cm et 42 cm<\/p>\n<p>Couleurs disponibles: aluminium, blanc et noir<\/li>\n<\/ul>\n","protected":false},"excerpt":{"rendered":"<p><span style=\"color: #000000\">Horloge Kriptonite mod\u00e8le Classique en aluminium<\/span><\/p>\n<p><span style=\"color: #000000\">Tailles disponibles: \u00d8 15 cm, \u00d8 25 cm, \u00d8 30 cm et \u00d8 42 cm<\/span><\/p>\n<p><span style=\"color: #000000\">Couleurs: aluminium, blanc, noir.<\/span><\/p>\n<p><span style=\"color: #000000\">L&#8217;horloge Kriptonite est pr\u00e9cise et silencieuse!<\/span><\/p>\n<p><span style=\"color: #000000\">Choisissez la taille et la couleur<\/span><\/p>\n","protected":false},"featured_media":10073,"template":"","meta":[],"product_cat":[360,364],"product_tag":[],"class_list":["post-10049","product","type-product","status-publish","has-post-thumbnail","hentry","product_cat-accessoires-dameublement","product_cat-horloges-et-reveils","yith_product_brand-kriptonite-fr","tm-no-options"],"_links":{"self":[{"href":"https:\/\/www.nikelshop.it\/fr\/wp-json\/wp\/v2\/product\/10049"}],"collection":[{"href":"https:\/\/www.nikelshop.it\/fr\/wp-json\/wp\/v2\/product"}],"about":[{"href":"https:\/\/www.nikelshop.it\/fr\/wp-json\/wp\/v2\/types\/product"}],"wp:featuredmedia":[{"embeddable":true,"href":"https:\/\/www.nikelshop.it\/fr\/wp-json\/wp\/v2\/media\/10073"}],"wp:attachment":[{"href":"https:\/\/www.nikelshop.it\/fr\/wp-json\/wp\/v2\/media?parent=10049"}],"wp:term":[{"taxonomy":"product_cat","embeddable":true,"href":"https:\/\/www.nikelshop.it\/fr\/wp-json\/wp\/v2\/product_cat?post=10049"},{"taxonomy":"product_tag","embeddable":true,"href":"https:\/\/www.nikelshop.it\/fr\/wp-json\/wp\/v2\/product_tag?post=10049"}],"curies":[{"name":"wp","href":"https:\/\/api.w.org\/{rel}","templated":true}]}}