{"id":8111,"date":"2018-10-11T17:25:20","date_gmt":"2018-10-11T15:25:20","guid":{"rendered":"http:\/\/www.nikelshop.it\/?page_id=8111"},"modified":"2024-05-28T20:48:46","modified_gmt":"2024-05-28T18:48:46","slug":"termes-et-conditions","status":"publish","type":"page","link":"https:\/\/www.nikelshop.it\/fr\/termes-et-conditions\/","title":{"rendered":"Termes et conditions"},"content":{"rendered":"<p><strong>Pr\u00e9misse<\/strong><\/p>\n<p>Les pr\u00e9sentes conditions g\u00e9n\u00e9rales de vente en ligne (ci-apr\u00e8s \u00ab CGV \u00bb) r\u00e9gissent le contrat d&#8217;achat et de vente (ci-apr\u00e8s, le \u00ab Contrat \u00bb) des produits (ci-apr\u00e8s, le ou les \u00ab produits \u00bb) propos\u00e9s par Nikel snc. dont le si\u00e8ge social est \u00e0 Ferrare, Via Gusmaria, 6 \u2013 44121 Ferrare, num\u00e9ro CF\/TVA 01195320385, inscrite au REA de Ferrare no. 137418 via son site Internet www.nikelshop.it (ci-apr\u00e8s, le \u00ab site \u00bb) aux utilisateurs du site (ci-apr\u00e8s, les \u00ab clients \u00bb ou le \u00ab client \u00bb).<\/p>\n<p>Toutes les informations contenues sur le site sont en italien. Le client d\u00e9clare avoir pris connaissance de l&#8217;ensemble des informations et conditions g\u00e9n\u00e9rales de vente pr\u00e9cit\u00e9es avant de passer commande.<\/p>\n<p>Le client d\u00e9clare \u00e9galement avoir la capacit\u00e9 juridique pour s&#8217;engager conform\u00e9ment aux dispositions des pr\u00e9sentes conditions g\u00e9n\u00e9rales.<\/p>\n<p><strong>1 &#8211; Objet<br \/>\n<\/strong>Les pr\u00e9sentes conditions g\u00e9n\u00e9rales de vente ont pour objet la d\u00e9finition des droits et obligations des parties dans le cadre d&#8217;une vente \u00e0 distance de biens propos\u00e9s dans la boutique en ligne www.nikelshop.it<\/p>\n<p><strong>2 &#8211; Documents contractuels<br \/>\n<\/strong>Ce contrat est compos\u00e9 des documents suivants :<br \/>\n\u2022 les pr\u00e9sentes conditions g\u00e9n\u00e9rales de vente<br \/>\n\u2022 la confirmation de commande<br \/>\nLes photographies illustrant les produits pr\u00e9sents sur le site n&#8217;entrent pas dans le cadre contractuel et ne sont pr\u00e9sent\u00e9es qu&#8217;\u00e0 titre descriptif.<\/p>\n<p><strong>3- R\u00e9ception de la commande<br \/>\n<\/strong>Toute confirmation de commande sign\u00e9e du clic de validation constitue un engagement irr\u00e9vocable du client qui ne peut \u00eatre remis en cause que dans les cas pr\u00e9vus au pr\u00e9sent contrat aux articles \u00ab Droit de r\u00e9tractation \u00bb et \u00ab Ex\u00e9cution de la commande \u00bb.<\/p>\n<p><strong>4 &#8211; Acceptation de la commande<br \/>\n<\/strong>La conclusion du contrat n&#8217;interviendra qu&#8217;apr\u00e8s confirmation de la commande par NikelShop.<br \/>\nLe client recevra un accus\u00e9 de r\u00e9ception par email contenant la confirmation de commande avec tous les \u00e9l\u00e9ments constituant le contrat (notamment les produits command\u00e9s, les prix, les \u00e9ventuels frais de port).<br \/>\nNikelShop se r\u00e9serve le droit de ne pas confirmer une commande pour toute raison relative notamment \u00e0 un probl\u00e8me d&#8217;approvisionnement du produit, ou \u00e0 un probl\u00e8me concernant la commande re\u00e7ue.<br \/>\nNikelShop ne peut \u00eatre tenu responsable des erreurs de livraison dues \u00e0 des inexactitudes ou \u00e0 un caract\u00e8re incomplet dans l&#8217;\u00e9tablissement du bon de commande par le client. De plus, NikelShop ne peut \u00eatre tenu responsable des retards de livraison dus aux retards de messagerie.<\/p>\n<p><strong>5 &#8211; Disponibilit\u00e9 des produits<br \/>\n<\/strong>Sauf indication contraire, les marchandises en vente sur le site sont disponibles en stock et pr\u00eates \u00e0 \u00eatre exp\u00e9di\u00e9es sous 24 heures. Dans le cas d&#8217;achat de biblioth\u00e8ques, de structures modulaires ou d&#8217;autres produits vendus en dropshipping et en configurations personnalis\u00e9es, il faut calculer un d\u00e9lai de pr\u00e9paration de commande qui peut varier de quelques jours \u00e0 quelques semaines. Le d\u00e9lai\u00a0 moyen sera indiqu\u00e9 dans l&#8217;annonce puis communiqu\u00e9 pr\u00e9cis\u00e9ment au client, quelques jours apr\u00e8s la passation de la commande.<\/p>\n<p>Les offres contenues sur ce site seront valables tant que les produits r\u00e9f\u00e9renc\u00e9s resteront en ligne et jusqu&#8217;\u00e0 \u00e9puisement des stocks.<br \/>\nNikelShop se r\u00e9serve \u00e9galement le droit de communiquer au client, dans les 10 jours suivant l&#8217;achat, \u00e0 l&#8217;adresse email associ\u00e9e \u00e0 son profil, toute indisponibilit\u00e9 d&#8217;un ou plusieurs des produits achet\u00e9s. En cas d&#8217;achat d&#8217;un produit qui n&#8217;est plus disponible, NikelShop proc\u00e9dera au remboursement (sur la carte de paiement ou le compte Pay Pal indiqu\u00e9 par celui-ci pour l&#8217;achat ou par virement bancaire dont les coordonn\u00e9es sont destin\u00e9es \u00e0 \u00eatre communiqu\u00e9es apr\u00e8s inscription ) du prix et des frais de port \u00e0 la charge du client.<\/p>\n<p><strong>6 &#8211; Tarifs &#8211; Facture<br \/>\n<\/strong>Les prix sont exprim\u00e9s en euros et incluent la TVA \u00e0 22% (4% pour les articles qui le n\u00e9cessitent).<br \/>\nLe prix garanti \u00e0 l&#8217;acheteur est celui publi\u00e9 sur le site au moment de l&#8217;exp\u00e9dition.<br \/>\nLes prix des produits sont d\u00e9finitifs. Ils ne comprennent pas les \u00e9ventuels frais de livraison, qui seront indiqu\u00e9s dans la confirmation de commande. Le prix initial sur lequel la remise est appliqu\u00e9e est le prix catalogue officiel communiqu\u00e9 par la marque.<br \/>\nSi une facture est demand\u00e9e au moment o\u00f9 le client finalise la commande, la m\u00eame facture sera envoy\u00e9e soit avec la marchandise, soit par e-mail au format PDF.<\/p>\n<p><strong>7 &#8211; Paiement<br \/>\n<\/strong>Le client qui entend proc\u00e9der \u00e0 l&#8217;achat des produits doit exprimer ce d\u00e9sir au travers d&#8217;une demande faite directement sur le site, dans la rubrique sp\u00e9cifiquement d\u00e9di\u00e9e, o\u00f9, en suivant les proc\u00e9dures qui y sont indiqu\u00e9es, il enverra son bon de commande et effectuera le paiement.<br \/>\nLe paiement des frais est d\u00fb d\u00e8s la commande. Le client s&#8217;engage \u00e0 payer le prix convenu pour le produit command\u00e9 sur le site (prix des produits et transport) en utilisant les moyens de paiement disponibles.<br \/>\nLe client garantit NikelShop qu&#8217;il dispose de toutes autorisations n\u00e9cessaires pour utiliser le moyen de paiement indiqu\u00e9 lors de la commande.<br \/>\nEn cas de non-r\u00e9ception du paiement par NikelShop, NikelShop se r\u00e9serve le droit d&#8217;annuler la commande.<br \/>\nLes donn\u00e9es de paiement seront trait\u00e9es via une connexion s\u00e9curis\u00e9e de serveur \u00e0 serveur utilisant le protocole SSL (Secure Sockets Layer).<\/p>\n<p><strong>8 &#8211; Transfert des risques<br \/>\n<\/strong>Le transfert des risques au client intervient d\u00e8s la livraison des produits au transporteur par NikelShop. Pendant le d\u00e9lai de r\u00e9tractation mentionn\u00e9 \u00e0 l&#8217;article 12, le client est responsable de l&#8217;objet en tant que gardien. En cas d&#8217;endommagement ou de destruction du produit alors qu&#8217;il est sous la garde du client, ce dernier en subira toutes les cons\u00e9quences.<\/p>\n<p><strong>9 &#8211; Ex\u00e9cution de la commande<br \/>\n<\/strong>La commande sera ex\u00e9cut\u00e9e dans les conditions pr\u00e9cis\u00e9es sur le Site et d\u00e8s acceptation de la commande par NikelShop et en tout \u00e9tat de cause dans les 30 jours suivant la confirmation de la commande sous r\u00e9serve de disponibilit\u00e9 du produit command\u00e9 et sauf accord particulier entre les parties.<br \/>\nNormalement, les marchandises sont disponibles et exp\u00e9di\u00e9es dans les 24 heures suivant la r\u00e9ception et l&#8217;acceptation de la commande.<br \/>\nEn cas d&#8217;\u00e9puisement des stocks ou d&#8217;indisponibilit\u00e9 du produit command\u00e9, NikelShop s&#8217;engage \u00e0 informer le client dans les plus brefs d\u00e9lais et \u00e0 lui pr\u00e9ciser un \u00e9ventuel d\u00e9lai de reconduction de la disponibilit\u00e9.<br \/>\nVoir art.5 concernant la disponibilit\u00e9 des produits.<\/p>\n<p><strong>10 &#8211; Livraison<br \/>\n<\/strong>La zone g\u00e9ographique de livraison correspond \u00e0 la zone g\u00e9ographique de couverture de l\u2019offre. Les livraisons sont effectu\u00e9es du lundi au vendredi.<br \/>\nLes produits sont livr\u00e9s \u00e0 l&#8217;adresse indiqu\u00e9e par le client. La livraison est pr\u00e9vue au niveau de la rue. La demande de livraison \u00e0 l&#8217;\u00e9tage d&#8217;une commande (si disponible) doit \u00eatre indiqu\u00e9e par le client lors de la confirmation d\u00e9finitive de la commande et entra\u00eene un co\u00fbt suppl\u00e9mentaire. Sauf indication contraire au moment de l&#8217;achat, NikelShop ne fournit pas de service d&#8217;installation pour les produits vendus, sauf accords entre les parties qui seront d\u00e9cid\u00e9s et \u00e9tablis de temps \u00e0 autre.<br \/>\nNikelShop, sans pr\u00e9judice des dispositions de l&#8217;art. 6, s&#8217;engage \u00e0 livrer les produits \u00e0 l&#8217;adresse communiqu\u00e9e par le client dans le bon de commande, via le transporteur d\u00e9sign\u00e9 pour les transporter. NikelShop ne peut \u00eatre tenu responsable des erreurs de livraison dues \u00e0 des inexactitudes ou \u00e0 un caract\u00e8re incomplet dans l&#8217;\u00e9tablissement du bon de commande par le client. Par ailleurs, NikelShop ne pourra \u00eatre tenu responsable de tout dommage pouvant survenir aux produits apr\u00e8s livraison au transporteur charg\u00e9 de les transporter, ainsi que des retards de livraison imputables \u00e0 ce dernier.<br \/>\nNikelShop effectue des livraisons sur tout le territoire italien et dans toute la Communaut\u00e9 europ\u00e9enne. Sauf cas particuliers, le co\u00fbt du transport est le m\u00eame dans toute l&#8217;Italie, sans exception pour les zones particuli\u00e8res ou d\u00e9favoris\u00e9es.<\/p>\n<p>Pour les livraisons hors d&#8217;Italie, les tarifs et les d\u00e9lais varient en fonction du lieu.<\/p>\n<p>La livraison est effectu\u00e9e via des coursiers s\u00e9lectionn\u00e9s par NikelShop; Les bo\u00eetes postales ne sont pas consid\u00e9r\u00e9es comme des adresses valides \u00e0 des fins de livraison.<br \/>\nLe document de livraison d\u00e9livr\u00e9 par le transporteur, dat\u00e9 et sign\u00e9 par le client lors de la livraison du produit constituera la preuve du transport et de la mainlev\u00e9e de la marchandise.<br \/>\nA la livraison, le client devra v\u00e9rifier le contenu, la conformit\u00e9 et l&#8217;\u00e9tat du ou des produits.<br \/>\nEn cas de retards, pannes, pertes totales ou partielles ou autres probl\u00e8mes, le client a le droit de faire appel au transporteur sans jamais que la responsabilit\u00e9 de NikelShop soit prise en compte.<br \/>\nAinsi, lors de la livraison, NikelShop recommande au client de proc\u00e9der \u00e0 la v\u00e9rification de l&#8217;\u00e9tat des produits livr\u00e9s avant de signer le document de r\u00e9ception.<br \/>\nSi des anomalies sont constat\u00e9es, le client devra \u00e9mettre ses r\u00e9serves par \u00e9crit, d\u00e9taill\u00e9es et dat\u00e9es. Ces r\u00e9serves doivent \u00eatre confirm\u00e9es \u00e0 NikelShop par courrier recommand\u00e9 avec accus\u00e9 de r\u00e9ception dans les trois (3) jours ouvr\u00e9s suivant la livraison des produits.<\/p>\n<p><strong>11 &#8211; Enl\u00e8vement des produits en cas d&#8217;absence du client<br \/>\n<\/strong>En cas d&#8217;absence du destinataire lors de la livraison, le transporteur laissera un avis de passage \u00e0 l&#8217;adresse de livraison indiqu\u00e9e par le client. En cas d&#8217;absence du destinataire m\u00eame lors de la deuxi\u00e8me tentative de livraison, les produits doivent \u00eatre r\u00e9cup\u00e9r\u00e9s \u00e0 l&#8217;adresse et selon les modalit\u00e9s indiqu\u00e9es par le transporteur.<br \/>\nEn cas de non-retrait des produits dans le d\u00e9lai fix\u00e9 par le transporteur, les produits seront retourn\u00e9s \u00e0 NikelShop qui se r\u00e9serve le droit de rembourser le prix des produits, en laissant les frais r\u00e9els d&#8217;exp\u00e9dition aller et retour, ainsi que les frais de stockage, \u00e0 la charge du client.<\/p>\n<p><strong>12- Droit de r\u00e9tractation<br \/>\n<\/strong>Le client a le droit de r\u00e9silier le Contrat, sans aucune p\u00e9nalit\u00e9 et sans en pr\u00e9ciser le motif, \u00e0 compter de la r\u00e9ception de la confirmation de commande envoy\u00e9e par NikelShop au plus tard quatorze jours ouvr\u00e9s \u00e0 compter de la r\u00e9ception du produit \u00e0 l&#8217;adresse indiqu\u00e9e pour la livraison.<br \/>\nLa date indiqu\u00e9e sur le bon de livraison constitue une preuve compl\u00e8te de r\u00e9ception.<br \/>\nLe client peut exercer son droit de r\u00e9tractation en le communiquant via la communication envoy\u00e9e via le formulaire de la page &#8220;Contactez-nous&#8221; en bas de page, ou bien via l&#8217;adresse e-mail info@nikelshop.it. Indiquant les donn\u00e9es essentielles de la validation de l&#8217;achat, telles que le num\u00e9ro d&#8217;achat, la date d&#8217;achat, l&#8217;objet et l&#8217;email de l&#8217;acheteur.<br \/>\nSi le produit a d\u00e9j\u00e0 \u00e9t\u00e9 livr\u00e9, le client est tenu de le retourner \u00e0 NikelShop. \u00c0 cette fin:<br \/>\n&#8211; le d\u00e9lai de retour du produit est de quatorze jours \u00e0 compter de sa r\u00e9ception ; la date indiqu\u00e9e sur le bon de livraison fait foi. Aux fins du d\u00e9lai, le produit est consid\u00e9r\u00e9 comme retourn\u00e9 lorsqu&#8217;il est livr\u00e9 au bureau de poste ou au coursier acceptant.<br \/>\n&#8211; si le produit a \u00e9t\u00e9 livr\u00e9, l&#8217;int\u00e9grit\u00e9 substantielle du produit \u00e0 retourner est une condition essentielle \u00e0 l&#8217;exercice du droit de r\u00e9tractation. le client doit envoyer le produit correctement emball\u00e9 et emball\u00e9\u00a0; NikelShop n&#8217;accepte pas les retours endommag\u00e9s, que ce soit par le client ou par le transporteur pendant la phase de retour. Le produit doit \u00eatre conserv\u00e9 dans un \u00e9tat normal de conservation, gard\u00e9 avec la diligence normale. Les produits endommag\u00e9s par des d\u00e9tergents\/additifs, ou les produits endommag\u00e9s par le client pour incomp\u00e9tence, ne seront ni remplac\u00e9s ni rembours\u00e9s. Le client doit inclure une copie du document de livraison re\u00e7u \u00e0 l&#8217;int\u00e9rieur du carton d&#8217;emballage.<br \/>\nLes commandes d&#8217;articles \u00ab modulables \u00bb et de fabrication sp\u00e9ciale, aux dimensions et poids standards ou personnalis\u00e9s, qui n\u00e9cessitent un emballage sp\u00e9cial pour ces articles, comme les biblioth\u00e8ques, qu&#8217;elles soient en m\u00e9tal ou en bois, ou les pi\u00e8ces en plastique, peuvent \u00eatre annul\u00e9es dans un d\u00e9lai de 7 jours. Pass\u00e9 7 jours, le traitement est consid\u00e9r\u00e9 comme commenc\u00e9 et il n&#8217;est plus possible d&#8217;annuler la commande. La possibilit\u00e9 reste valable, dans les 12 jours suivant la commande, de modifier les mesures ou la quantit\u00e9 des articles command\u00e9s.<br \/>\nLa condition d\u00e9crite ci-dessus n&#8217;enl\u00e8ve rien au fait qu&#8217;une fois les marchandises livr\u00e9es, en pr\u00e9sence de dommages ou de probl\u00e8mes mat\u00e9riels g\u00e9n\u00e9raux, elles peuvent \u00eatre remplac\u00e9es totalement ou uniquement dans les parties endommag\u00e9es.<br \/>\nLes risques du transport li\u00e9s au retour des produits sont enti\u00e8rement \u00e0 la charge du client.<br \/>\n&#8211; Les frais de retour de la marchandise \u00e0 NikelShop sont \u00e0 la charge du client. Si le client exerce son droit de r\u00e9tractation conform\u00e9ment aux dispositions des pr\u00e9sentes conditions de vente, NikelShop remboursera les sommes vers\u00e9es, ou une partie de celles-ci (voir Commissions Paypal). , par le client sur la carte de cr\u00e9dit ou le compte Pay Pal ou via les coordonn\u00e9es bancaires communiqu\u00e9es par celui-ci. Le remboursement interviendra sans frais, dans un d\u00e9lai de trente jours \u00e0 compter de la date \u00e0 laquelle NikelShop a eu connaissance de l&#8217;exercice du droit de r\u00e9tractation par le client.<br \/>\nComme l&#8217;exige le d\u00e9cret l\u00e9gislatif 6\/9\/2005 n. 206 et art.55 du Code de la consommation, le droit de r\u00e9tractation r\u00e9glement\u00e9 par les pr\u00e9sentes conditions de vente ne s&#8217;applique pas aux biens confectionn\u00e9s sur mesure ou nettement personnalis\u00e9s ou qui, de par leur nature, ne peuvent \u00eatre retourn\u00e9s ou risquent de se d\u00e9t\u00e9riorer ou de s&#8217;alt\u00e9rer rapidement.<\/p>\n<p><strong>13 &#8211; Garantie<br \/>\n<\/strong>Afin d&#8217;\u00e9viter tout d\u00e9sagr\u00e9ment, les produits sont soumis \u00e0 des contr\u00f4les al\u00e9atoires par NikelShop avant exp\u00e9dition, \u00e0 l&#8217;exception des montres bracelet, murales ou de table qui sont toutes test\u00e9es avant exp\u00e9dition. Toutefois, le client b\u00e9n\u00e9ficie de la garantie constructeur, \u00e0 condition qu&#8217;il soit utilis\u00e9 normalement et conform\u00e9ment aux recommandations donn\u00e9es dans les documents joints aux produits et dans les livrets d&#8217;instructions correspondants.<br \/>\nEn tout \u00e9tat de cause, les produits vendus b\u00e9n\u00e9ficient de la garantie l\u00e9gale des vices cach\u00e9s pr\u00e9vue par les articles 1641 et suivants du Code Civil.<br \/>\nDans ce cas le produit sera \u00e9chang\u00e9 contre un produit identique et envoy\u00e9 au client aux frais de NikelShop, sauf rupture de stock ou arr\u00eat de production de la gamme propos\u00e9e par NikelShop. Dans ce dernier cas, NikelShop remboursera le prix du produit au client.<\/p>\n<p><strong>14. Utilisation du site<br \/>\n<\/strong>Les descriptions de produits et les images pr\u00e9sentes sur le site correspondent \u00e0 ce qui est mis \u00e0 disposition par les fournisseurs de NikelShop \u00e0 NikelShop lui-m\u00eame. Les photographies et vid\u00e9os pr\u00e9sentant les produits accompagnant les informations descriptives sont publi\u00e9es sur le site \u00e0 des fins descriptives, en tenant compte du fait que la qualit\u00e9 des images, notamment une repr\u00e9sentation exacte des variations de couleurs, peut d\u00e9pendre des logiciels et outils informatiques utilis\u00e9s. par le client lors de sa connexion au site. NikelShop n&#8217;assume aucune responsabilit\u00e9 pour les probl\u00e8mes caus\u00e9s au client par l&#8217;utilisation du site et des technologies utilis\u00e9es car ils ne d\u00e9pendent pas de sa propre volont\u00e9.<\/p>\n<p><strong>15. Droits de propri\u00e9t\u00e9 intellectuelle et industrielle<br \/>\n<\/strong>NikelShop informe que le site, ainsi que toutes les marques et signes distinctifs utilis\u00e9s dans le cadre de la vente des produits propos\u00e9s, sont prot\u00e9g\u00e9s par les droits de propri\u00e9t\u00e9 intellectuelle et industrielle applicables et que tout type de reproduction, communication, distribution, publication, alt\u00e9ration est interdit. . ou transformation, sous quelque forme et \u00e0 quelque fin que ce soit.<\/p>\n<p><strong>16. Protection des donn\u00e9es personnelles<br \/>\n<\/strong>NikelShop est propri\u00e9taire des donn\u00e9es personnelles collect\u00e9es lors de l&#8217;inscription sur le site, ainsi que de celles communiqu\u00e9es ult\u00e9rieurement lors de l&#8217;achat par le client, \u00e0 l&#8217;exception des donn\u00e9es relatives \u00e0 la proc\u00e9dure de paiement pour lesquelles il est fait r\u00e9f\u00e9rence au institutions bancaires par l&#8217;interm\u00e9diaire desquelles la transaction a lieu. Pour les informations relatives au traitement des donn\u00e9es personnelles, y compris les droits vis\u00e9s \u00e0 l&#8217;art. 7 du d\u00e9cret l\u00e9gislatif. 196\/03, veuillez vous r\u00e9f\u00e9rer aux informations d\u00e9taill\u00e9es d\u00e9j\u00e0 fournies au moment de l&#8217;inscription sur le site www.nikelshop.it<\/p>\n<p><strong>17 &#8211; Signature \u00e9lectronique<br \/>\n<\/strong>Le \u00ab clic de validation \u00bb constitue une signature \u00e9lectronique.<br \/>\nCette signature \u00e9lectronique a la m\u00eame valeur entre les parties qu&#8217;une signature manuscrite.<\/p>\n<p><strong>18 &#8211; Int\u00e9gralit\u00e9 du contrat<br \/>\n<\/strong>Les pr\u00e9sentes conditions g\u00e9n\u00e9rales de vente constituent l&#8217;int\u00e9gralit\u00e9 des obligations des parties.<br \/>\nAucune autre condition g\u00e9n\u00e9rale ou particuli\u00e8re communiqu\u00e9e par le client ne peut entrer ou aller au-del\u00e0 des pr\u00e9sentes conditions g\u00e9n\u00e9rales.<\/p>\n<p><strong>19 &#8211; Nullit\u00e9<br \/>\n<\/strong>Si une ou plusieurs dispositions des pr\u00e9sentes conditions g\u00e9n\u00e9rales sont consid\u00e9r\u00e9es comme nulles ou d\u00e9clar\u00e9es telles en application d&#8217;une loi, d&#8217;un r\u00e8glement ou \u00e0 la suite d&#8217;une d\u00e9cision d\u00e9finitive prise par une juridiction comp\u00e9tente, les autres dispositions conserveront toute leur force et leur valeur.<\/p>\n<p><strong>20. Communications<br \/>\n<\/strong>Pour toute communication, vous pouvez contacter NikelShop \u00e0 l&#8217;adresse suivante:<br \/>\nNikel snc.<br \/>\nVia Gusmaria, 6<br \/>\n44121 Ferrare FE &#8211; Italie<br \/>\nE-mail : info@nikelshop.it<\/p>\n<p><strong>21. Droit applicable<br \/>\n<\/strong>Le contrat de vente entre le Client et Nikel snc. est destin\u00e9 \u00e0 \u00eatre conclu en Italie et r\u00e9gi par le droit italien.<\/p>\n","protected":false},"excerpt":{"rendered":"<p>Pr\u00e9misse Les pr\u00e9sentes conditions g\u00e9n\u00e9rales de vente en ligne (ci-apr\u00e8s \u00ab CGV \u00bb) r\u00e9gissent le contrat d&#8217;achat et de vente (ci-apr\u00e8s, le \u00ab Contrat \u00bb) des produits (ci-apr\u00e8s, le ou les \u00ab produits \u00bb) propos\u00e9s par Nikel snc. dont le si\u00e8ge social est \u00e0 Ferrare, Via Gusmaria, 6 \u2013 44121 Ferrare, num\u00e9ro CF\/TVA 01195320385, inscrite &hellip; <a href=\"https:\/\/www.nikelshop.it\/fr\/termes-et-conditions\/\" class=\"more-link\">Continue reading <span class=\"screen-reader-text\">Termes et conditions<\/span><\/a><\/p>\n","protected":false},"author":5,"featured_media":0,"parent":0,"menu_order":0,"comment_status":"closed","ping_status":"closed","template":"","meta":{"footnotes":""},"class_list":["post-8111","page","type-page","status-publish","hentry"],"_links":{"self":[{"href":"https:\/\/www.nikelshop.it\/fr\/wp-json\/wp\/v2\/pages\/8111"}],"collection":[{"href":"https:\/\/www.nikelshop.it\/fr\/wp-json\/wp\/v2\/pages"}],"about":[{"href":"https:\/\/www.nikelshop.it\/fr\/wp-json\/wp\/v2\/types\/page"}],"author":[{"embeddable":true,"href":"https:\/\/www.nikelshop.it\/fr\/wp-json\/wp\/v2\/users\/5"}],"replies":[{"embeddable":true,"href":"https:\/\/www.nikelshop.it\/fr\/wp-json\/wp\/v2\/comments?post=8111"}],"version-history":[{"count":2,"href":"https:\/\/www.nikelshop.it\/fr\/wp-json\/wp\/v2\/pages\/8111\/revisions"}],"predecessor-version":[{"id":19815,"href":"https:\/\/www.nikelshop.it\/fr\/wp-json\/wp\/v2\/pages\/8111\/revisions\/19815"}],"wp:attachment":[{"href":"https:\/\/www.nikelshop.it\/fr\/wp-json\/wp\/v2\/media?parent=8111"}],"curies":[{"name":"wp","href":"https:\/\/api.w.org\/{rel}","templated":true}]}}