{"id":8028,"date":"2019-03-26T11:49:09","date_gmt":"2019-03-26T10:49:09","guid":{"rendered":"http:\/\/www.nikelshop.it\/?page_id=8028"},"modified":"2019-03-28T21:08:21","modified_gmt":"2019-03-28T20:08:21","slug":"contacts","status":"publish","type":"page","link":"https:\/\/www.nikelshop.it\/fr\/contacts\/","title":{"rendered":"Contacts"},"content":{"rendered":"<section class=\"wpb-content-wrapper\"><p>[vc_row el_class=&#8221;contact-detail&#8221;][vc_column width=&#8221;5\/6&#8243; offset=&#8221;vc_col-md-6&#8243;][vc_raw_html el_class=&#8221;contact-info&#8221;]JTNDc3BhbiUyMGNsYXNzJTNEJTIyaGVhZCUyMiUzRSUzQ2klMjBjbGFzcyUzRCUyMmljb25zJTIwaWNvbi1sb2NhdGlvbi1waW4lMjIlM0UlM0MlMkZpJTNFUG9pbnQlMjBkZSUyMHZlbnRlJTNBJTNDJTJGc3BhbiUzRSUwQSUzQ3AlM0VWaWElMjBDYXJsbyUyME1heXIlMkMlMjAyOSUzQyUyRnAlM0U=[\/vc_raw_html][vc_raw_html el_class=&#8221;contact-info&#8221;]JTNDc3BhbiUyMGNsYXNzJTNEaGVhZCUyMiUzRSUwQSUzQyUyRnNwYW4lM0UlMEElM0NwJTNFNDQxMjElMjBGZXJyYXJhJTIwRkUlMjAlMjhJdGFseSUyOSUzQyUyRnAlM0U=[\/vc_raw_html][vc_empty_space height=&#8221;30px&#8221;][vc_raw_html el_class=&#8221;contact-info&#8221;]JTNDc3BhbiUyMGNsYXNzJTNEJTIyaGVhZCUyMiUzRSUzQ2klMjBjbGFzcyUzRCUyMmljb25zJTIwaWNvbi1jYWxsLWVuZCUyMiUzRSUzQyUyRmklM0VUJUMzJUE5bCVDMyVBOXBob25lJTNBJTNDJTJGc3BhbiUzRSUwQSUzQ3AlM0UlMkIzOSUyMDA1MzIlMjA3NjcyMDAlM0MlMkZwJTNF[\/vc_raw_html][vc_empty_space height=&#8221;30px&#8221;][vc_raw_html el_class=&#8221;contact-info&#8221;]JTNDc3BhbiUyMGNsYXNzJTNEJTIyaGVhZCUyMiUzRSUzQyUyRmklM0VXaGF0c0FwcCUzQSUzQyUyRnNwYW4lM0UlMEElM0NwJTNFJTJCMzklMjAzNTElMjA5MDAlMjA5NDg4JTNDJTJGcCUzRQ==[\/vc_raw_html][vc_empty_space height=&#8221;30px&#8221;][vc_raw_html el_class=&#8221;contact-info&#8221;]JTNDc3BhbiUyMGNsYXNzJTNEJTIyaGVhZCUyMiUzRSUzQ2klMjBjbGFzcyUzRCUyMmljb25zJTIwaWNvbi1lbnZlbG9wZSUyMiUzRSUzQyUyRmklM0VFbWFpbCUzQSUzQyUyRnNwYW4lM0UlMEElM0NwJTNFaW5mbyU0MG5pa2Vsc2hvcC5pdCUzQyUyRnAlM0U=[\/vc_raw_html][vc_empty_space height=&#8221;30px&#8221;][tbay_socials_link style=&#8221;style2&#8243; facebook_url=&#8221;https:\/\/www.facebook.com\/nikel.design\/&#8221; instagram_url=&#8221;https:\/\/www.instagram.com\/nikel_ferrara\/&#8221; google_url=&#8221;#&#8221; subtitle=&#8221;Suivez nous sur nos r\u00e9seaux sociaux&#8221;][\/vc_column][vc_column width=&#8221;1\/2&#8243; offset=&#8221;vc_col-md-6 vc_hidden-sm vc_hidden-xs&#8221;][vc_column_text]Contattaci per ricevere maggiori informazioni[\/vc_column_text]<script type=\"text\/javascript\">var gform;gform||(document.addEventListener(\"gform_main_scripts_loaded\",function(){gform.scriptsLoaded=!0}),window.addEventListener(\"DOMContentLoaded\",function(){gform.domLoaded=!0}),gform={domLoaded:!1,scriptsLoaded:!1,initializeOnLoaded:function(o){gform.domLoaded&&gform.scriptsLoaded?o():!gform.domLoaded&&gform.scriptsLoaded?window.addEventListener(\"DOMContentLoaded\",o):document.addEventListener(\"gform_main_scripts_loaded\",o)},hooks:{action:{},filter:{}},addAction:function(o,n,r,t){gform.addHook(\"action\",o,n,r,t)},addFilter:function(o,n,r,t){gform.addHook(\"filter\",o,n,r,t)},doAction:function(o){gform.doHook(\"action\",o,arguments)},applyFilters:function(o){return gform.doHook(\"filter\",o,arguments)},removeAction:function(o,n){gform.removeHook(\"action\",o,n)},removeFilter:function(o,n,r){gform.removeHook(\"filter\",o,n,r)},addHook:function(o,n,r,t,i){null==gform.hooks[o][n]&&(gform.hooks[o][n]=[]);var e=gform.hooks[o][n];null==i&&(i=n+\"_\"+e.length),gform.hooks[o][n].push({tag:i,callable:r,priority:t=null==t?10:t})},doHook:function(n,o,r){var t;if(r=Array.prototype.slice.call(r,1),null!=gform.hooks[n][o]&&((o=gform.hooks[n][o]).sort(function(o,n){return o.priority-n.priority}),o.forEach(function(o){\"function\"!=typeof(t=o.callable)&&(t=window[t]),\"action\"==n?t.apply(null,r):r[0]=t.apply(null,r)})),\"filter\"==n)return r[0]},removeHook:function(o,n,t,i){var r;null!=gform.hooks[o][n]&&(r=(r=gform.hooks[o][n]).filter(function(o,n,r){return!!(null!=i&&i!=o.tag||null!=t&&t!=o.priority)}),gform.hooks[o][n]=r)}});<\/script>\n                <div class='gf_browser_gecko gform_wrapper gform_legacy_markup_wrapper gform-theme--no-framework' data-form-theme='legacy' data-form-index='0' id='gform_wrapper_5' ><form method='post' enctype='multipart\/form-data'  id='gform_5'  action='\/fr\/wp-json\/wp\/v2\/pages\/8028' data-formid='5' >\n                        <div class='gform-body gform_body'><ul id='gform_fields_5' class='gform_fields top_label form_sublabel_below description_below'><li id=\"field_5_1\"  class=\"gfield gfield--type-text field_sublabel_below gfield--no-description field_description_below gfield_visibility_visible\"  data-js-reload=\"field_5_1\"><label class='gfield_label gform-field-label' for='input_5_1' >Nom et Pr\u00e9nom<\/label><div class='ginput_container ginput_container_text'><input name='input_1' id='input_5_1' type='text' value='' class='large'      aria-invalid=\"false\"   \/> <\/div><\/li><li id=\"field_5_2\"  class=\"gfield gfield--type-phone gfield_contains_required field_sublabel_below gfield--no-description field_description_below gfield_visibility_visible\"  data-js-reload=\"field_5_2\"><label class='gfield_label gform-field-label' for='input_5_2' >T\u00e9l\u00e9phone<span class=\"gfield_required\"><span class=\"gfield_required gfield_required_asterisk\">*<\/span><\/span><\/label><div class='ginput_container ginput_container_phone'><input name='input_2' id='input_5_2' type='text' value='' class='large'   aria-required=\"true\" aria-invalid=\"false\"   \/><\/div><\/li><li id=\"field_5_3\"  class=\"gfield gfield--type-email gfield_contains_required field_sublabel_below gfield--no-description field_description_below gfield_visibility_visible\"  data-js-reload=\"field_5_3\"><label class='gfield_label gform-field-label' for='input_5_3' >Email<span class=\"gfield_required\"><span class=\"gfield_required gfield_required_asterisk\">*<\/span><\/span><\/label><div class='ginput_container ginput_container_email'>\n                            <input name='input_3' id='input_5_3' type='text' value='' class='large'    aria-required=\"true\" aria-invalid=\"false\"  \/>\n                        <\/div><\/li><li id=\"field_5_4\"  class=\"gfield gfield--type-textarea field_sublabel_below gfield--no-description field_description_below gfield_visibility_visible\"  data-js-reload=\"field_5_4\"><label class='gfield_label gform-field-label' for='input_5_4' >Message<\/label><div class='ginput_container ginput_container_textarea'><textarea name='input_4' id='input_5_4' class='textarea medium'      aria-invalid=\"false\"   rows='10' cols='50'><\/textarea><\/div><\/li><li id=\"field_5_5\"  class=\"gfield gfield--type-checkbox gfield--type-choice gfield_contains_required field_sublabel_below gfield--no-description field_description_below gfield_visibility_visible\"  data-js-reload=\"field_5_5\"><label class='gfield_label gform-field-label gfield_label_before_complex'  >Confidentialit\u00e9<span class=\"gfield_required\"><span class=\"gfield_required gfield_required_asterisk\">*<\/span><\/span><\/label><div class='ginput_container ginput_container_checkbox'><ul class='gfield_checkbox' id='input_5_5'><li class='gchoice gchoice_5_5_1'>\n\t\t\t\t\t\t\t\t<input class='gfield-choice-input' name='input_5.1' type='checkbox'  value='Je consens au traitement des donn\u00e9es conform\u00e9ment \u00e0 la &lt;a href=&quot;\/politique-de-confidentialite\/?lang=fr&quot;&gt;Politique de confidentialit\u00e9 &lt;\/a&gt; pr\u00e9vue \u00e0 l&#039;art. 13 D\u00e9cret l\u00e9gislatif 30\/6\/2003 n. 196 (&quot;Code de la vie priv\u00e9e&quot;) et de l&#039;art. 13 R\u00e8glement UE n. 2016\/679 (&quot;GDPR&quot;)'  id='choice_5_5_1'   \/>\n\t\t\t\t\t\t\t\t<label for='choice_5_5_1' id='label_5_5_1' class='gform-field-label gform-field-label--type-inline'>Je consens au traitement des donn\u00e9es conform\u00e9ment \u00e0 la <a href=\"\/politique-de-confidentialite\/?lang=fr\">Politique de confidentialit\u00e9 <\/a> pr\u00e9vue \u00e0 l'art. 13 D\u00e9cret l\u00e9gislatif 30\/6\/2003 n. 196 (\"Code de la vie priv\u00e9e\") et de l'art. 13 R\u00e8glement UE n. 2016\/679 (\"GDPR\")<\/label>\n\t\t\t\t\t\t\t<\/li><\/ul><\/div><\/li><li id=\"field_5_6\"  class=\"gfield gfield--type-honeypot gform_validation_container field_sublabel_below gfield--has-description field_description_below gfield_visibility_visible\"  data-js-reload=\"field_5_6\"><label class='gfield_label gform-field-label' for='input_5_6' >Email<\/label><div class='ginput_container'><input name='input_6' id='input_5_6' type='text' value='' \/><\/div><div class='gfield_description' id='gfield_description_5_6'>Ce champ n\u2019est utilis\u00e9 qu\u2019\u00e0 des fins de validation et devrait rester inchang\u00e9.<\/div><\/li><\/ul><\/div>\n        <div class='gform_footer top_label'> <input type='submit' id='gform_submit_button_5' class='gform_button button' value='Envoyer'  onclick='if(window[\"gf_submitting_5\"]){return false;}  window[\"gf_submitting_5\"]=true;  ' onkeypress='if( event.keyCode == 13 ){ if(window[\"gf_submitting_5\"]){return false;} window[\"gf_submitting_5\"]=true;  jQuery(\"#gform_5\").trigger(\"submit\",[true]); }' \/> \n            <input type='hidden' class='gform_hidden' name='is_submit_5' value='1' \/>\n            <input type='hidden' class='gform_hidden' name='gform_submit' value='5' \/>\n            \n            <input type='hidden' class='gform_hidden' name='gform_unique_id' value='' \/>\n            <input type='hidden' class='gform_hidden' name='state_5' value='WyJbXSIsIjdlOWEwZTYwNDJkZWExNDcwNWU1NTE3MWZmMDc4ZmQ0Il0=' \/>\n            <input type='hidden' class='gform_hidden' name='gform_target_page_number_5' id='gform_target_page_number_5' value='0' \/>\n            <input type='hidden' class='gform_hidden' name='gform_source_page_number_5' id='gform_source_page_number_5' value='1' \/>\n            <input type='hidden' name='gform_field_values' value='' \/>\n            \n        <\/div>\n                        <\/form>\n                        <\/div><script type=\"text\/javascript\">\n\/* <![CDATA[ *\/\n gform.initializeOnLoaded( function() {gformInitSpinner( 5, 'https:\/\/www.nikelshop.it\/wp-content\/plugins\/gravityforms\/images\/spinner.svg', true );jQuery('#gform_ajax_frame_5').on('load',function(){var contents = jQuery(this).contents().find('*').html();var is_postback = contents.indexOf('GF_AJAX_POSTBACK') >= 0;if(!is_postback){return;}var form_content = jQuery(this).contents().find('#gform_wrapper_5');var is_confirmation = jQuery(this).contents().find('#gform_confirmation_wrapper_5').length > 0;var is_redirect = contents.indexOf('gformRedirect(){') >= 0;var is_form = form_content.length > 0 && ! is_redirect && ! is_confirmation;var mt = parseInt(jQuery('html').css('margin-top'), 10) + parseInt(jQuery('body').css('margin-top'), 10) + 100;if(is_form){jQuery('#gform_wrapper_5').html(form_content.html());if(form_content.hasClass('gform_validation_error')){jQuery('#gform_wrapper_5').addClass('gform_validation_error');} else {jQuery('#gform_wrapper_5').removeClass('gform_validation_error');}setTimeout( function() { \/* delay the scroll by 50 milliseconds to fix a bug in chrome *\/  }, 50 );if(window['gformInitDatepicker']) {gformInitDatepicker();}if(window['gformInitPriceFields']) {gformInitPriceFields();}var current_page = jQuery('#gform_source_page_number_5').val();gformInitSpinner( 5, 'https:\/\/www.nikelshop.it\/wp-content\/plugins\/gravityforms\/images\/spinner.svg', true );jQuery(document).trigger('gform_page_loaded', [5, current_page]);window['gf_submitting_5'] = false;}else if(!is_redirect){var confirmation_content = jQuery(this).contents().find('.GF_AJAX_POSTBACK').html();if(!confirmation_content){confirmation_content = contents;}setTimeout(function(){jQuery('#gform_wrapper_5').replaceWith(confirmation_content);jQuery(document).trigger('gform_confirmation_loaded', [5]);window['gf_submitting_5'] = false;wp.a11y.speak(jQuery('#gform_confirmation_message_5').text());}, 50);}else{jQuery('#gform_5').append(contents);if(window['gformRedirect']) {gformRedirect();}}jQuery(document).trigger('gform_post_render', [5, current_page]);gform.utils.trigger({ event: 'gform\/postRender', native: false, data: { formId: 5, currentPage: current_page } });} );} ); \n\/* ]]> *\/\n<\/script>\n[\/vc_column][\/vc_row][vc_row css=&#8221;.vc_custom_1532679824771{padding-top: 60px !important;padding-bottom: 60px !important;}&#8221;][vc_column][tbay_title_heading title=&#8221;Dove siamo&#8221; buttons=&#8221;btn-default btn-outline&#8221; buttons2=&#8221;btn-default btn-outline&#8221; font_color=&#8221;#000000&#8243;][vc_gmaps link=&#8221;#E-8_JTNDaWZyYW1lJTIwc3JjJTNEJTIyaHR0cHMlM0ElMkYlMkZ3d3cuZ29vZ2xlLmNvbSUyRm1hcHMlMkZlbWJlZCUzRnBiJTNEJTIxMW0xOCUyMTFtMTIlMjExbTMlMjExZDI4MjkuNDI5ODczMzgyNDAzNSUyMTJkMTEuNjE1ODU5NjE1Mzk1NzgxJTIxM2Q0NC44MzMxNzgyNzkwOTg1NyUyMTJtMyUyMTFmMCUyMTJmMCUyMTNmMCUyMTNtMiUyMTFpMTAyNCUyMTJpNzY4JTIxNGYxMy4xJTIxM20zJTIxMW0yJTIxMXMweDQ3N2U0ZTY5NTU2ODFjZTklMjUzQTB4Nzc3MmMwMjRkZDViZjdhZSUyMTJzTmlrZWxTaG9wJTIxNWUwJTIxM20yJTIxMXNpdCUyMTJzaXQlMjE0djE1MzkyNjkwMDM4NDMlMjIlMjB3aWR0aCUzRCUyMjYwMCUyMiUyMGhlaWdodCUzRCUyMjQ1MCUyMiUyMGZyYW1lYm9yZGVyJTNEJTIyMCUyMiUyMHN0eWxlJTNEJTIyYm9yZGVyJTNBMCUyMiUyMGFsbG93ZnVsbHNjcmVlbiUzRSUzQyUyRmlmcmFtZSUzRQ==&#8221; size=&#8221;500&#8243;][\/vc_column][\/vc_row]<\/p>\n<\/section>","protected":false},"excerpt":{"rendered":"<p>[vc_row el_class=&#8221;contact-detail&#8221;][vc_column width=&#8221;5\/6&#8243; offset=&#8221;vc_col-md-6&#8243;][vc_raw_html el_class=&#8221;contact-info&#8221;]JTNDc3BhbiUyMGNsYXNzJTNEJTIyaGVhZCUyMiUzRSUzQ2klMjBjbGFzcyUzRCUyMmljb25zJTIwaWNvbi1sb2NhdGlvbi1waW4lMjIlM0UlM0MlMkZpJTNFUG9pbnQlMjBkZSUyMHZlbnRlJTNBJTNDJTJGc3BhbiUzRSUwQSUzQ3AlM0VWaWElMjBDYXJsbyUyME1heXIlMkMlMjAyOSUzQyUyRnAlM0U=[\/vc_raw_html][vc_raw_html el_class=&#8221;contact-info&#8221;]JTNDc3BhbiUyMGNsYXNzJTNEaGVhZCUyMiUzRSUwQSUzQyUyRnNwYW4lM0UlMEElM0NwJTNFNDQxMjElMjBGZXJyYXJhJTIwRkUlMjAlMjhJdGFseSUyOSUzQyUyRnAlM0U=[\/vc_raw_html][vc_empty_space height=&#8221;30px&#8221;][vc_raw_html el_class=&#8221;contact-info&#8221;]JTNDc3BhbiUyMGNsYXNzJTNEJTIyaGVhZCUyMiUzRSUzQ2klMjBjbGFzcyUzRCUyMmljb25zJTIwaWNvbi1jYWxsLWVuZCUyMiUzRSUzQyUyRmklM0VUJUMzJUE5bCVDMyVBOXBob25lJTNBJTNDJTJGc3BhbiUzRSUwQSUzQ3AlM0UlMkIzOSUyMDA1MzIlMjA3NjcyMDAlM0MlMkZwJTNF[\/vc_raw_html][vc_empty_space height=&#8221;30px&#8221;][vc_raw_html el_class=&#8221;contact-info&#8221;]JTNDc3BhbiUyMGNsYXNzJTNEJTIyaGVhZCUyMiUzRSUzQyUyRmklM0VXaGF0c0FwcCUzQSUzQyUyRnNwYW4lM0UlMEElM0NwJTNFJTJCMzklMjAzNTElMjA5MDAlMjA5NDg4JTNDJTJGcCUzRQ==[\/vc_raw_html][vc_empty_space height=&#8221;30px&#8221;][vc_raw_html el_class=&#8221;contact-info&#8221;]JTNDc3BhbiUyMGNsYXNzJTNEJTIyaGVhZCUyMiUzRSUzQ2klMjBjbGFzcyUzRCUyMmljb25zJTIwaWNvbi1lbnZlbG9wZSUyMiUzRSUzQyUyRmklM0VFbWFpbCUzQSUzQyUyRnNwYW4lM0UlMEElM0NwJTNFaW5mbyU0MG5pa2Vsc2hvcC5pdCUzQyUyRnAlM0U=[\/vc_raw_html][vc_empty_space height=&#8221;30px&#8221;][tbay_socials_link style=&#8221;style2&#8243; facebook_url=&#8221;https:\/\/www.facebook.com\/nikel.design\/&#8221; instagram_url=&#8221;https:\/\/www.instagram.com\/nikel_ferrara\/&#8221; google_url=&#8221;#&#8221; subtitle=&#8221;Suivez nous sur nos r\u00e9seaux sociaux&#8221;][\/vc_column][vc_column width=&#8221;1\/2&#8243; offset=&#8221;vc_col-md-6 vc_hidden-sm vc_hidden-xs&#8221;][vc_column_text]Contattaci per ricevere maggiori informazioni[\/vc_column_text][\/vc_column][\/vc_row][vc_row css=&#8221;.vc_custom_1532679824771{padding-top: 60px !important;padding-bottom: 60px !important;}&#8221;][vc_column][tbay_title_heading title=&#8221;Dove siamo&#8221; buttons=&#8221;btn-default btn-outline&#8221; buttons2=&#8221;btn-default btn-outline&#8221; font_color=&#8221;#000000&#8243;][vc_gmaps link=&#8221;#E-8_JTNDaWZyYW1lJTIwc3JjJTNEJTIyaHR0cHMlM0ElMkYlMkZ3d3cuZ29vZ2xlLmNvbSUyRm1hcHMlMkZlbWJlZCUzRnBiJTNEJTIxMW0xOCUyMTFtMTIlMjExbTMlMjExZDI4MjkuNDI5ODczMzgyNDAzNSUyMTJkMTEuNjE1ODU5NjE1Mzk1NzgxJTIxM2Q0NC44MzMxNzgyNzkwOTg1NyUyMTJtMyUyMTFmMCUyMTJmMCUyMTNmMCUyMTNtMiUyMTFpMTAyNCUyMTJpNzY4JTIxNGYxMy4xJTIxM20zJTIxMW0yJTIxMXMweDQ3N2U0ZTY5NTU2ODFjZTklMjUzQTB4Nzc3MmMwMjRkZDViZjdhZSUyMTJzTmlrZWxTaG9wJTIxNWUwJTIxM20yJTIxMXNpdCUyMTJzaXQlMjE0djE1MzkyNjkwMDM4NDMlMjIlMjB3aWR0aCUzRCUyMjYwMCUyMiUyMGhlaWdodCUzRCUyMjQ1MCUyMiUyMGZyYW1lYm9yZGVyJTNEJTIyMCUyMiUyMHN0eWxlJTNEJTIyYm9yZGVyJTNBMCUyMiUyMGFsbG93ZnVsbHNjcmVlbiUzRSUzQyUyRmlmcmFtZSUzRQ==&#8221; size=&#8221;500&#8243;][\/vc_column][\/vc_row]<\/p>\n","protected":false},"author":5,"featured_media":0,"parent":0,"menu_order":0,"comment_status":"closed","ping_status":"closed","template":"","meta":{"footnotes":""},"class_list":["post-8028","page","type-page","status-publish","hentry"],"_links":{"self":[{"href":"https:\/\/www.nikelshop.it\/fr\/wp-json\/wp\/v2\/pages\/8028"}],"collection":[{"href":"https:\/\/www.nikelshop.it\/fr\/wp-json\/wp\/v2\/pages"}],"about":[{"href":"https:\/\/www.nikelshop.it\/fr\/wp-json\/wp\/v2\/types\/page"}],"author":[{"embeddable":true,"href":"https:\/\/www.nikelshop.it\/fr\/wp-json\/wp\/v2\/users\/5"}],"replies":[{"embeddable":true,"href":"https:\/\/www.nikelshop.it\/fr\/wp-json\/wp\/v2\/comments?post=8028"}],"version-history":[{"count":0,"href":"https:\/\/www.nikelshop.it\/fr\/wp-json\/wp\/v2\/pages\/8028\/revisions"}],"wp:attachment":[{"href":"https:\/\/www.nikelshop.it\/fr\/wp-json\/wp\/v2\/media?parent=8028"}],"curies":[{"name":"wp","href":"https:\/\/api.w.org\/{rel}","templated":true}]}}