{"id":7991,"date":"2017-02-09T08:45:13","date_gmt":"2017-02-09T07:45:13","guid":{"rendered":"http:\/\/www.nikelshop.it\/?page_id=7991"},"modified":"2019-04-22T18:56:33","modified_gmt":"2019-04-22T16:56:33","slug":"qui-sommes-nous","status":"publish","type":"page","link":"https:\/\/www.nikelshop.it\/fr\/qui-sommes-nous\/","title":{"rendered":"Qui sommes-nous"},"content":{"rendered":"<section class=\"wpb-content-wrapper\"><p>[vc_row css=&#8221;.vc_custom_1532145710406{margin-top: 30px !important;margin-bottom: 30px !important;}&#8221; el_class=&#8221;center&#8221;][vc_column width=&#8221;1\/6&#8243; el_class=&#8221;center&#8221;][\/vc_column][vc_column width=&#8221;2\/3&#8243;][tbay_title_heading title=&#8221;Bienvenue Chez Nikel Shop&#8221; buttons=&#8221;btn-default btn-outline&#8221; buttons2=&#8221;btn-default btn-outline&#8221; el_class=&#8221;title-about&#8221; subtitle=&#8221;Le portail de vente en ligne qui propose une s\u00e9lection de produits \u00e0 la mode. Le meilleur design \u00e0 des prix comp\u00e9titifs!&#8221;][vc_single_image image=&#8221;1063&#8243; img_size=&#8221;960&#215;500&#8243; alignment=&#8221;center&#8221; css=&#8221;.vc_custom_1541515609531{margin-bottom: 0px !important;}&#8221;][vc_empty_space height=&#8221;30px&#8221;][vc_column_text css=&#8221;.vc_custom_1555952092401{padding-right: 30px !important;padding-left: 30px !important;}&#8221;]<\/p>\n<p style=\"margin: 0cm;margin-bottom: .0001pt;text-align: center;background: white\" align=\"center\"><strong><span style=\"font-size: 10.0pt;font-family: Arial;color: #232323\">Nikel<\/span><\/strong><span style=\"font-size: 10.0pt;font-family: Arial;color: #232323\">\u00a0est l\u2019invention d\u2019Adriano Vetricini qui, en collaboration avec Luca Rubini, donne vie \u00e0 la soci\u00e9t\u00e9 Nikel snc, \u00e9tablie \u00e0 Ferrare depuis 1991, ann\u00e9e du d\u00e9but de la vente dans le magasin situ\u00e9 au n \u00b0 29 de la Via Carlo Mayr.<\/span><\/p>\n<p style=\"text-align: center;background: white;margin: 0cm 0cm 8.5pt 0cm\" align=\"center\"><span style=\"font-size: 10.0pt;font-family: Arial;color: #232323\">D\u00e8s le d\u00e9but, la recherche d\u2019objets et d\u2019accessoires d\u2019ameublement au go\u00fbt novateur, avec un design particulier ou raffin\u00e9, a fait de notre magasin un point de r\u00e9f\u00e9rence qui d\u00e9passe de loin la ville de Ferrare.<\/span><\/p>\n<p style=\"text-align: center;background: white;margin: 0cm 0cm 8.5pt 0cm\" align=\"center\"><span style=\"font-size: 10.0pt;font-family: Arial;color: #232323\">Les objets et les meubles fabriqu\u00e9s en Italie, mais aussi avec un design international, contribuent \u00e0 faire de Nikel l\u2019un des magasins \u00e0 la mode qui r\u00e9pondent aux go\u00fbts transversaux de diff\u00e9rentes g\u00e9n\u00e9rations.<\/span><\/p>\n<p style=\"text-align: center;background: white;margin: 0cm 0cm 8.5pt 0cm\" align=\"center\"><span style=\"font-size: 10.0pt;font-family: Arial;color: #232323\">Ces derni\u00e8res ann\u00e9es, Nikel a \u00e9largi la zone d\u2019exposition en utilisant les grands espaces situ\u00e9s devant le magasin, au num\u00e9ro 20 de la rue Via Carlo Mayr.<\/span><\/p>\n<p style=\"margin: 0cm;margin-bottom: .0001pt;text-align: center;background: white\" align=\"center\"><span style=\"font-size: 10.0pt;font-family: Arial;color: #232323\">De nombreux produits sont vendus sur notre\u00a0<strong><span style=\"font-family: Arial\">plateforme en ligne nikelshop.it<\/span><\/strong>, active depuis le d\u00e9but des ann\u00e9es 2000, au niveau international, o\u00f9 vous pouvez trouver toute l\u2019exp\u00e9rience et le professionnalisme acquis dans notre showroom en contact direct avec nos privil\u00e9gi\u00e9s et affectueux clients<\/span><\/p>\n<p>[\/vc_column_text][\/vc_column][vc_column width=&#8221;1\/6&#8243;][\/vc_column][\/vc_row]<\/p>\n<\/section>","protected":false},"excerpt":{"rendered":"<p>[vc_row css=&#8221;.vc_custom_1532145710406{margin-top: 30px !important;margin-bottom: 30px !important;}&#8221; el_class=&#8221;center&#8221;][vc_column width=&#8221;1\/6&#8243; el_class=&#8221;center&#8221;][\/vc_column][vc_column width=&#8221;2\/3&#8243;][tbay_title_heading title=&#8221;Bienvenue Chez Nikel Shop&#8221; buttons=&#8221;btn-default btn-outline&#8221; buttons2=&#8221;btn-default btn-outline&#8221; el_class=&#8221;title-about&#8221; subtitle=&#8221;Le portail de vente en ligne qui propose une s\u00e9lection de produits \u00e0 la mode. Le meilleur design \u00e0 des prix comp\u00e9titifs!&#8221;][vc_single_image image=&#8221;1063&#8243; img_size=&#8221;960&#215;500&#8243; alignment=&#8221;center&#8221; css=&#8221;.vc_custom_1541515609531{margin-bottom: 0px !important;}&#8221;][vc_empty_space height=&#8221;30px&#8221;][vc_column_text css=&#8221;.vc_custom_1555952092401{padding-right: 30px !important;padding-left: 30px !important;}&#8221;] Nikel\u00a0est l\u2019invention &hellip; <a href=\"https:\/\/www.nikelshop.it\/fr\/qui-sommes-nous\/\" class=\"more-link\">Continue reading <span class=\"screen-reader-text\">Qui sommes-nous<\/span><\/a><\/p>\n","protected":false},"author":5,"featured_media":0,"parent":0,"menu_order":0,"comment_status":"closed","ping_status":"closed","template":"","meta":{"footnotes":""},"class_list":["post-7991","page","type-page","status-publish","hentry"],"_links":{"self":[{"href":"https:\/\/www.nikelshop.it\/fr\/wp-json\/wp\/v2\/pages\/7991"}],"collection":[{"href":"https:\/\/www.nikelshop.it\/fr\/wp-json\/wp\/v2\/pages"}],"about":[{"href":"https:\/\/www.nikelshop.it\/fr\/wp-json\/wp\/v2\/types\/page"}],"author":[{"embeddable":true,"href":"https:\/\/www.nikelshop.it\/fr\/wp-json\/wp\/v2\/users\/5"}],"replies":[{"embeddable":true,"href":"https:\/\/www.nikelshop.it\/fr\/wp-json\/wp\/v2\/comments?post=7991"}],"version-history":[{"count":0,"href":"https:\/\/www.nikelshop.it\/fr\/wp-json\/wp\/v2\/pages\/7991\/revisions"}],"wp:attachment":[{"href":"https:\/\/www.nikelshop.it\/fr\/wp-json\/wp\/v2\/media?parent=7991"}],"curies":[{"name":"wp","href":"https:\/\/api.w.org\/{rel}","templated":true}]}}