{"id":10042,"date":"2019-07-27T23:28:18","date_gmt":"2019-07-27T21:28:18","guid":{"rendered":"https:\/\/www.nikelshop.it\/?post_type=product&#038;p=10042"},"modified":"2024-06-05T10:50:22","modified_gmt":"2024-06-05T08:50:22","slug":"kriptonite-classic-clock","status":"publish","type":"product","link":"https:\/\/www.nikelshop.it\/en\/prodotto\/kriptonite-classic-clock\/","title":{"rendered":"Kriptonite classic clock"},"content":{"rendered":"<ul>\n<li><a href=\"https:\/\/www.nikelshop.it\/wp-content\/uploads\/2019\/07\/Kriptonite_SchedaTecnica_Orologio-Classico.pdf\" target=\"_blank\" rel=\"noopener noreferrer\">Technical sheet Clock<\/a><\/li>\n<\/ul>\n<p>Kriptonite Classic wall clock with anodized aluminum case and dial, rounded glass.<\/p>\n<p>Remember the old clock of the railway stations, a clear object in our memory that immediately evokes the precision of a train that leaves.<\/p>\n<p>A simple and reassuring design for a product that is little more than artisanal, which becomes a furnishing element for the wall of a kitchen, an entrance or an open space environment.<\/p>\n<p>The Kriptonite Clock can be inserted in any environment, from the kitchen to the dining room or living room, to the bathroom, where the smallest of 15 cm in diameter is really in the right place.<\/p>\n<p>The Kriptonite clocks are precise and silent!<\/p>\n<p>Available in four sizes: diameter 15 cm, 25 cm, 30 cm and 42 cm<\/p>\n<p>Available colors: aluminum, white and black<\/p>\n","protected":false},"excerpt":{"rendered":"<p><span style=\"color: #000000\">Kriptonite wall clock model Classic in aluminum.<\/span><\/p>\n<p><span style=\"color: #000000\">Available sizes: \u00d8 15 cm, \u00d8 25 cm, \u00d8 30 cm and \u00d8 42 cm<\/span><\/p>\n<p><span style=\"color: #000000\">Colors: aluminum, white, black.<\/span><\/p>\n<p><span style=\"color: #000000\">Kriptonite clock are precise and silent!<\/span><\/p>\n<p><span style=\"color: #000000\">Made in Italy<\/span><\/p>\n<p><span style=\"color: #000000\">Choose size and color<\/span><\/p>\n","protected":false},"featured_media":10072,"template":"","meta":[],"product_cat":[381,322],"product_tag":[],"class_list":["post-10042","product","type-product","status-publish","has-post-thumbnail","hentry","product_cat-clocks-alarm-clocks","product_cat-furnishing","yith_product_brand-kriptonite-en","tm-no-options"],"_links":{"self":[{"href":"https:\/\/www.nikelshop.it\/en\/wp-json\/wp\/v2\/product\/10042"}],"collection":[{"href":"https:\/\/www.nikelshop.it\/en\/wp-json\/wp\/v2\/product"}],"about":[{"href":"https:\/\/www.nikelshop.it\/en\/wp-json\/wp\/v2\/types\/product"}],"wp:featuredmedia":[{"embeddable":true,"href":"https:\/\/www.nikelshop.it\/en\/wp-json\/wp\/v2\/media\/10072"}],"wp:attachment":[{"href":"https:\/\/www.nikelshop.it\/en\/wp-json\/wp\/v2\/media?parent=10042"}],"wp:term":[{"taxonomy":"product_cat","embeddable":true,"href":"https:\/\/www.nikelshop.it\/en\/wp-json\/wp\/v2\/product_cat?post=10042"},{"taxonomy":"product_tag","embeddable":true,"href":"https:\/\/www.nikelshop.it\/en\/wp-json\/wp\/v2\/product_tag?post=10042"}],"curies":[{"name":"wp","href":"https:\/\/api.w.org\/{rel}","templated":true}]}}